{"id":3021,"date":"2022-10-18T02:50:56","date_gmt":"2022-10-18T02:50:56","guid":{"rendered":"https:\/\/greenleafvietnam.com\/dong-xe-vip"},"modified":"2023-02-15T10:18:10","modified_gmt":"2023-02-15T10:18:10","slug":"vip-car","status":"publish","type":"page","link":"https:\/\/greenleafvietnam.com\/en\/vip-car","title":{"rendered":"VIP car"},"content":{"rendered":"<h2>VIP CAR<\/h2>\n<h2>VIP CAR<\/h2>\n<h2><a title=\"Land Rover Defender\" href=\"\/en\/land-rover-defender\" target=\"_self\" rel=\"noopener\"><br \/>\nLand Rover Defender<br \/>\n<\/a><\/h2>\n<p><a role=\"button\" href=\"\/en\/land-rover-defender\" target=\"_self\" rel=\"noopener\"><br \/>\nMore<br \/>\n<\/a><\/p>\n<h2><a title=\"Land Rover Discovery\" href=\"\/en\/land-rover-discovery\" target=\"_self\" rel=\"noopener\"><br \/>\nLand Rover Discovery<br \/>\n<\/a><\/h2>\n<p><a role=\"button\" href=\"\/en\/land-rover-discovery\" target=\"_self\" rel=\"noopener\"><br \/>\nMore<br \/>\n<\/a><\/p>\n<h2>OTHER VEHICLES<\/h2>\n<h2>RELATED SERVICES<\/h2>\n<p><a title=\"Long Term Car Rental\" href=\"https:\/\/greenleafvietnam.com\/en\/long-term-car-rental\" target=\"_self\" rel=\"noopener\"><br \/>\n<img decoding=\"async\" src=\"https:\/\/greenleafvietnam.com\/wp-content\/uploads\/2022\/11\/Banner-2-e1673408983882.jpg\" alt=\"Thu\u00ea Xe Doanh Nghi\u1ec7p\" \/><br \/>\n<\/a><\/p>\n<h3><a tabindex=\"0\" title=\"Long Term Car Rental\" href=\"https:\/\/greenleafvietnam.com\/en\/long-term-car-rental\">Long Term Car Rental<\/a><\/h3>\n<p>LONG TERM CAR RENTAL SERVICE CRITERIA SAFETY The vehicle is fully equipped with safety control &#8230;<br \/>\n<a role=\"button\" href=\"https:\/\/greenleafvietnam.com\/en\/long-term-car-rental\" target=\"_self\" rel=\"noopener\"><br \/>\nMore<br \/>\n<\/a><br \/>\n<a title=\"Short Term Car Rental\" href=\"https:\/\/greenleafvietnam.com\/en\/short-term-car-rental\" target=\"_self\" rel=\"noopener\"><br \/>\n<img decoding=\"async\" src=\"https:\/\/greenleafvietnam.com\/wp-content\/uploads\/2022\/11\/dich-vu-doanh-nghiep-1-e1673410389519.jpg\" alt=\"Thu\u00ea Xe Du L\u1ecbch\" \/><br \/>\n<\/a><\/p>\n<h3><a tabindex=\"0\" title=\"Short Term Car Rental\" href=\"https:\/\/greenleafvietnam.com\/en\/short-term-car-rental\">Short Term Car Rental<\/a><\/h3>\n<p>CAR RENTAL FOR TRIP &amp; TRAVEL INTO THE GREEN WORLD OF TOURISM WITH GREEN LEAF &#8230;<br \/>\n<a role=\"button\" href=\"https:\/\/greenleafvietnam.com\/en\/short-term-car-rental\" target=\"_self\" rel=\"noopener\"><br \/>\nMore<br \/>\n<\/a><br \/>\n<a title=\"Airport Shuttle, Conferences, Golf\u2026\" href=\"https:\/\/greenleafvietnam.com\/en\/airport-shuttle\" target=\"_self\" rel=\"noopener\"><br \/>\n<img decoding=\"async\" src=\"https:\/\/greenleafvietnam.com\/wp-content\/uploads\/2022\/10\/13-e1673577315260.jpg\" alt=\"xe \u0111\u01b0a \u0111\u00f3n s\u00e2n bay\" \/><br \/>\n<\/a><\/p>\n<h3><a tabindex=\"0\" title=\"Airport Shuttle, Conferences, Golf\u2026\" href=\"https:\/\/greenleafvietnam.com\/en\/airport-shuttle\">Airport Shuttle, Conferences, Golf\u2026<\/a><\/h3>\n<p>AIRPORT TRANSFER SERVICE, CONFERENCE GREEN LEAF VIET NAM &#8216;S AIRPORT SHUTTLE SERVICE Green Leaf Viet &#8230;<br \/>\n<a role=\"button\" href=\"https:\/\/greenleafvietnam.com\/en\/airport-shuttle\" target=\"_self\" rel=\"noopener\"><br \/>\nMore<br \/>\n<\/a><br \/>\n<img decoding=\"async\" loading=\"lazy\" src=\"https:\/\/greenleafvietnam.com\/wp-content\/uploads\/2022\/08\/\ud83e\udd86-illustration-_IT-Support_.png\" alt=\"\ud83e\udd86 illustration _IT Support_\" width=\"550\" height=\"435\" \/><\/p>\n<h2>CONNECT WITH GREEN LEAF VIET NAM<\/h2>\n<p style=\"text-align: center;\">Green Leaf Vietnam team<br \/>\nis ready to support and advise you<\/p>\n<p><a role=\"button\" href=\"tel:18006300\" target=\"_self\" rel=\"noopener\"><br \/>\n1800 6300<br \/>\n<\/a><\/p>\n","protected":false},"excerpt":{"rendered":"<p>VIP CAR VIP CAR Land Rover Defender More Land Rover Discovery More OTHER VEHICLES RELATED SERVICES Long Term Car Rental LONG TERM CAR RENTAL SERVICE CRITERIA SAFETY The vehicle is fully equipped with safety control &#8230; More Short Term Car Rental CAR RENTAL FOR TRIP &amp; TRAVEL INTO THE GREEN WORLD OF TOURISM WITH GREEN&hellip;<\/p>\n","protected":false},"author":1,"featured_media":0,"parent":0,"menu_order":0,"comment_status":"closed","ping_status":"closed","template":"","meta":{"inline_featured_image":false},"_links":{"self":[{"href":"https:\/\/greenleafvietnam.com\/en\/wp-json\/wp\/v2\/pages\/3021"}],"collection":[{"href":"https:\/\/greenleafvietnam.com\/en\/wp-json\/wp\/v2\/pages"}],"about":[{"href":"https:\/\/greenleafvietnam.com\/en\/wp-json\/wp\/v2\/types\/page"}],"author":[{"embeddable":true,"href":"https:\/\/greenleafvietnam.com\/en\/wp-json\/wp\/v2\/users\/1"}],"replies":[{"embeddable":true,"href":"https:\/\/greenleafvietnam.com\/en\/wp-json\/wp\/v2\/comments?post=3021"}],"version-history":[{"count":0,"href":"https:\/\/greenleafvietnam.com\/en\/wp-json\/wp\/v2\/pages\/3021\/revisions"}],"wp:attachment":[{"href":"https:\/\/greenleafvietnam.com\/en\/wp-json\/wp\/v2\/media?parent=3021"}],"curies":[{"name":"wp","href":"https:\/\/api.w.org\/{rel}","templated":true}]}}