{"id":2855,"date":"2022-07-28T18:45:42","date_gmt":"2022-07-28T18:45:42","guid":{"rendered":"https:\/\/greenleafvietnam.com\/thue-xe-du-lich"},"modified":"2023-02-10T09:55:08","modified_gmt":"2023-02-10T09:55:08","slug":"%e3%82%b9%e3%83%9d%e3%83%83%e3%83%88%e3%83%ac%e3%83%b3%e3%82%bf%e3%82%ab%e3%83%bc","status":"publish","type":"page","link":"https:\/\/greenleafvietnam.com\/ja\/%e3%82%b9%e3%83%9d%e3%83%83%e3%83%88%e3%83%ac%e3%83%b3%e3%82%bf%e3%82%ab%e3%83%bc","title":{"rendered":"\u30b9\u30dd\u30c3\u30c8\u30ec\u30f3\u30bf\u30ab\u30fc"},"content":{"rendered":"<h2>\u30b9\u30dd\u30c3\u30c8\u30ec\u30f3\u30bf\u30ab\u30fc\uff08\u77ed\u671f\u5229\u7528\uff09<\/h2>\n<h2>\u30b0\u30ea\u30fc\u30ea\u30fc\u30d5\u30d9\u30c8\u30ca\u30e0\u3068<br \/>\n\u4e00\u7dd2\u306b\u65c5\u884c\u3092\u697d\u3057\u307f\u307e\u3057\u3087\u3046<\/h2>\n<p style=\"text-align: center;\">\u6700\u3082\u5feb\u9069\u306a\u30d9\u30c8\u30ca\u30e0\u65c5\u884c\u4f53\u9a13\u3002\u30b0\u30ea\u30fc\u30f3\u30ea\u30fc\u30d5\u30d9\u30c8\u30ca\u30e0\u306f\u3001\u3059\u3079\u3066\u306e\u5730\u57df\u306b\u7cbe\u901a\u3057\u305f\u30c9\u30e9\u30a4\u30d0\u30fc\u304c\u5728\u7c4d\u3057\u3001\u3055\u307e\u3056\u307e\u306a\u30ec\u30f3\u30bf\u30ab\u30fc\u30b5\u30fc\u30d3\u30b9\u3092\u63d0\u4f9b\u3057\u3001\u500b\u4eba\u3001\u5bb6\u65cf\u3001\u30b0\u30eb\u30fc\u30d7\u306e\u304a\u5ba2\u69d8\u306b\u3001\u81ea\u7531\u306a\u65c5\u3068\u4f11\u6687\u3092\u904e\u3054\u3057\u3057\u3066\u3082\u3089\u3044\u305f\u3044\u3068\u8003\u3048\u3066\u3044\u307e\u3059\u3002<\/p>\n<p><img decoding=\"async\" loading=\"lazy\" src=\"https:\/\/greenleafvietnam.com\/wp-content\/uploads\/2022\/07\/dv1.jpg\" alt=\"dv1\" width=\"636\" height=\"333\" \/><\/p>\n<h2>\u65c5\u884c\u5411\u3051\u30ec\u30f3\u30bf\u30ab\u30fc\u30b5\u30fc\u30d3\u30b9<\/h2>\n<p style=\"text-align: justify;\">\u30b0\u30ea\u30fc\u30f3\u30ea\u30fc\u30d5\u30d9\u30c8\u30ca\u30e0\u306f\u3001\u77ed\u671f\u304a\u3088\u3073\u9577\u671f\u306e\u65c5\u884c\u3001\u7a7a\u6e2f\u9001\u8fce\u3001\u7d50\u5a5a\u5f0f\u306a\u3069\u3001\u3059\u3079\u3066\u306e\u304a\u5ba2\u69d8\u306e\u8981\u4ef6\u306b\u5bfe\u5fdc\u3059\u308b\u30b5\u30fc\u30d3\u30b9\u3092\u63d0\u4f9b\u3059\u308b\u6e96\u5099\u304c\u3067\u304d\u3066\u3044\u307e\u3059&#8230;\u30b7\u30f3\u30d7\u30eb\u3067\u8fc5\u901f\u306a\u30ec\u30f3\u30bf\u30ab\u30fc\u30d7\u30ed\u30bb\u30b9\u306b\u3088\u308a\u300124\u6642\u9593\u5e74\u4e2d\u7121\u4f11\u306e\u30ab\u30b9\u30bf\u30de\u30fc\u30b1\u30a2\u90e8\u9580\u304c\u304a\u624b\u4f1d\u3044\u3057\u307e\u3059\u3002\u3059\u3079\u3066\u306e\u65c5\u3067\u5b89\u5168\u3067\u5feb\u9069\u306b\u611f\u3058\u307e\u3059\u3002<\/p>\n<p><a role=\"button\" href=\"tel:18006300\" target=\"_self\" rel=\"noopener\"><br \/>\n\u304a\u554f\u3044\u5408\u308f\u305b\u304f\u3060\u3055\u3044<br \/>\n<\/a><br \/>\n<img decoding=\"async\" loading=\"lazy\" src=\"https:\/\/greenleafvietnam.com\/wp-content\/uploads\/2022\/11\/134018738_4126881380674977_1945160935567918307_o-e1675417099589.jpg\" alt=\"134018738_4126881380674977_1945160935567918307_o\" width=\"800\" height=\"600\" \/><\/p>\n<h2>\u30b0\u30ea\u30fc\u30f3\u30ea\u30fc\u30d5\u30d9\u30c8\u30ca\u30e0\u3067\u30ec\u30f3\u30bf\u30ab\u30fc\u30b5\u30fc\u30d3\u30b9\u3092\u4f7f\u7528\u3059\u308b\u5229\u70b9<\/h2>\n<p style=\"text-align: justify;\">\u500b\u4eba\u3067\u306e\u81ea\u5bb6\u7528\u8eca\u6240\u6709\u306e\u30cf\u30fc\u30c9\u30eb\u306f\u307e\u3060\u307e\u3060\u9ad8\u3044\u3067\u3059\u3002\u500b\u4eba\u3084\u5bb6\u65cf\u306e\u5229\u7528\u30ec\u30d9\u30eb\u306b\u304a\u3044\u3066\u3001\u8eca\u3092\u6240\u6709\u3059\u308b\u3053\u3068\u306f\u3001\u8eca\u3092\u501f\u308a\u308b\u3088\u308a\u3082\u8cbb\u7528\u304c\u304b\u304b\u308a\u307e\u3059\uff08\u7dad\u6301\u304a\u3088\u3073\u4fee\u7406\u8cbb\u3001\u4fdd\u967a\u3001\u767b\u9332\u3001\u6e1b\u4fa1\u511f\u5374\u306a\u3069\uff09\u7a0e\u91d1\u3001\u2026\uff09\u3002<\/p>\n<p style=\"text-align: justify;\">\u30b3\u30b9\u30e1\u9762\u4ee5\u5916\u306b\u3001\u30b0\u30ea\u30fc\u30f3\u30ea\u30fc\u30d5\u30d9\u30c8\u30ca\u30e0\u306e\u30ec\u30f3\u30bf\u30ab\u30fc\u30b5\u30fc\u30d3\u30b9\u3092\u5229\u7528\u3059\u308b\u969b\u306b\u306f\u69d8\u3005\u306a\u30e1\u30ea\u30c3\u30c8\u304c\u3042\u308a\u307e\u3059\u3002<\/p>\n<ul>\n<li style=\"text-align: justify;\">\u9867\u5ba2\u306f\u65c5\u306e\u4e3b\u5c0e\u6a29\u3092\u63e1\u308a\u3001\u81ea\u7531\u306a\u7d4c\u9a13\u3092\u624b\u306b\u5165\u308c\u307e\u3059\u3002<\/li>\n<li style=\"text-align: justify;\">\u30d7\u30ed\u30d5\u30a7\u30c3\u30b7\u30e7\u30ca\u30eb\u306b\u6559\u80b2\u3055\u308c\u305f\u30c9\u30e9\u30a4\u30d0\u30fc\u304c\u30b5\u30fc\u30d3\u30b9\u3092\u63d0\u4f9b\u3057\u3066\u3044\u308b\u306e\u3067\u3001\u8eca\u3067\u65c5\u884c\u3057\u3066\u3044\u308b\u3059\u3079\u3066\u306e\u30e1\u30f3\u30d0\u30fc\u306f\u5b89\u5fc3\u3057\u3066\u65c5\u3092\u697d\u3057\u3080\u3053\u3068\u304c\u3067\u304d\u307e\u3059\u3002<\/li>\n<li style=\"text-align: justify;\">\u30cb\u30fc\u30ba\u306b\u5408\u308f\u305b\u305f\u591a\u304f\u306e\u8eca\u4e21\u304c\u3042\u308a\u307e\u3059\u3002\uff08\u5ea7\u5e2d\u6570\u3084\u5feb\u9069\u3055\u306a\u3069\uff09<\/li>\n<li style=\"text-align: justify;\">\u00a0\u5929\u5019\uff08\u6691\u3044\u592a\u967d\u3001\u5927\u96e8&#8230;)\u306b\u304b\u304b\u308f\u3089\u305a\u5feb\u9069\u306a\u79fb\u52d5\u304c\u51fa\u6765\u3001\u6642\u9593\u3092\u7bc0\u7d04\u3067\u304d\u307e\u3059\u3002<\/li>\n<\/ul>\n<h2>\u7d4c\u9a13\u3001\u65b9\u91dd\u3001\u5b89\u5168<\/h2>\n<p style=\"text-align: justify;\">\u30b0\u30ea\u30fc\u30f3\u30ea\u30fc\u30d5\u30d9\u30c8\u30ca\u30e0\u306e\u30c9\u30e9\u30a4\u30d0\u30fc\u306f\u3001\u5b9a\u671f\u7684\u306a\u30de\u30ca\u30fc\u8b1b\u7fd2\u3092\u53d7\u3051\u3066\u304a\u308a\u3001\u793c\u5100\u6b63\u3057\u304f\u9867\u5ba2\u306b\u30b5\u30fc\u30d3\u30b9\u3092\u63d0\u4f9b\u3057\u307e\u3059\u3002\u30c9\u30e9\u30a4\u30d0\u30fc\u306f\u3001\u4ee5\u4e0b\u3092\u542b\u3080\u8eca\u4e21\u3068\u30b5\u30fc\u30d3\u30b9\u306e\u5168\u8cac\u4efb\u3092\u8ca0\u3044\u307e\u3059\u3002<\/p>\n<ul>\n<li style=\"text-align: justify;\">\u30b2\u30b9\u30c8\u304b\u3089\u8981\u6c42\u3055\u308c\u305f\u5834\u5408\u306f\u3001\u30eb\u30fc\u30c8\u4e0a\u3067\u4f11\u61a9\u3057\u305f\u308a\u98df\u4e8b\u3092\u3057\u305f\u308a\u3059\u308b\u5834\u6240\u306b\u3064\u3044\u3066\u76f8\u8ac7\u3057\u307e\u3059\u3002<\/li>\n<li style=\"text-align: justify;\">\u5fc5\u8981\u306b\u5fdc\u3058\u3066\u3001\u304a\u5ba2\u69d8\u304c\u9069\u5207\u306a\u6642\u9593\u3068\u5834\u6240\u306b\u8a2a\u554f\u3084\u79fb\u52d5\u3057\u3001\u30b2\u30b9\u30c8\u3092\u30cb\u30fc\u30ba\u306b\u5bfe\u5fdc\u3092\u3057\u307e\u3059\u3002<\/li>\n<li style=\"text-align: justify;\">\u51fa\u767a\u524d\u306b\u8eca\u4e21\u306e\u5b89\u5168\u6027\u3092\u78ba\u8a8d\u3057\u307e\u3059\u3002<\/li>\n<li style=\"text-align: justify;\">\u3054\u5229\u7528\u4e2d\u306f\u30c9\u30e9\u30a4\u30d0\u30fc\u306e\u5bbf\u6cca\u6599\u91d1\u3001\u99d0\u8eca\u6599\u91d1\u3001\u6709\u6599\u9053\u8def\u4ee3\u3092\u7acb\u66ff\u3066\u652f\u6255\u3044\u307e\u3059\u3002<\/li>\n<li style=\"text-align: justify;\">\u82f1\u8a9e\u304c\u8a71\u305b\u308b\u30c9\u30e9\u30a4\u30d0\u30fc\u3044\u308b\u306e\u3067\u3001\u5916\u56fd\u4eba\u30b2\u30b9\u30c8\u306b\u4f1a\u3046\u3068\u304d\u306b\u30b3\u30df\u30e5\u30cb\u30b1\u30fc\u30b7\u30e7\u30f3\u3092\u3068\u308b\u3053\u3068\u304c\u3067\u304d\u307e\u3059\u3002<\/li>\n<li style=\"text-align: justify;\">\u30c9\u30e9\u30a4\u30d0\u30fc\u306f\u3001\u5b89\u5168\u57fa\u6e96\u3001\u8eca\u306e\u5c02\u9580\u77e5\u8b58\u3001\u9577\u5e74\u306e\u7d4c\u9a13\u306b\u5f93\u3063\u3066\u5b89\u5168\u306b\u904b\u8ee2\u3059\u308b\u3088\u3046\u306b\u8a13\u7df4\u3055\u308c\u3066\u3044\u307e\u3059\u3002<\/li>\n<li style=\"text-align: justify;\">\u5404\u65c5\u884c\u306e\u524d\u306b\u3001\u30c9\u30e9\u30a4\u30d0\u30fc\u306f\u7a4d\u6975\u7684\u306b\u30e1\u30c3\u30bb\u30fc\u30b8\u3092\u9001\u4fe1\u3057\u3066\u3001\u30d4\u30c3\u30af\u30a2\u30c3\u30d7\u306e\u6642\u9593\u3068\u5834\u6240\u3092\u78ba\u8a8d\u304a\u3088\u3073\u901a\u77e5\u3057\u307e\u3059\u3002<\/li>\n<\/ul>\n<p><img decoding=\"async\" loading=\"lazy\" src=\"https:\/\/greenleafvietnam.com\/wp-content\/uploads\/2022\/11\/z3759732604378_b70c00dcff2777b962946bb8777e4cb2-scaled-e1668680811705.jpg\" alt=\"z3759732604378_b70c00dcff2777b962946bb8777e4cb2\" width=\"600\" height=\"450\" \/><br \/>\n<img decoding=\"async\" loading=\"lazy\" src=\"https:\/\/greenleafvietnam.com\/wp-content\/uploads\/2022\/11\/DSC_6371-scaled-e1675417251993.jpg\" alt=\"DSC_6371\" width=\"800\" height=\"533\" \/><\/p>\n<h2>\u30d7\u30ed\u30d5\u30a7\u30c3\u30b7\u30e7\u30ca\u30eb\u306a\u904b\u7528\u30b5\u30fc\u30d3\u30b9<\/h2>\n<ul>\n<li style=\"text-align: justify;\">24\u6642\u9593\u5e74\u4e2d\u7121\u4f11\u306e\u30b5\u30dd\u30fc\u30c8\u30c1\u30fc\u30e0\u306f\u3001\u30d9\u30c8\u30ca\u30e0\u8a9e\u3060\u3051\u3067\u306a\u304f\u82f1\u8a9e\u3084\u65e5\u672c\u8a9e\u3092\u8a71\u305b\u3001\u304a\u5ba2\u69d8\u3078\u30a2\u30c9\u30d0\u30a4\u30b9\u3059\u308b\u6e96\u5099\u304c\u3067\u304d\u3066\u3044\u307e\u3059\u3002<\/li>\n<li style=\"text-align: justify;\">\u660e\u78ba\u306a\u54c1\u8cea\u57fa\u6e96\u3001\u30b7\u30f3\u30d7\u30eb\u3067\u8fc5\u901f\u306a\u8eca\u306e\u4e88\u7d04\u624b\u9806\u3002\u9867\u5ba2\u5411\u3051\u306e\u67d4\u8edf\u306a\u652f\u6255\u3044\u30d5\u30a9\u30fc\u30e0\u3002<\/li>\n<li style=\"text-align: justify;\">\u30ab\u30b9\u30bf\u30de\u30fc\u30b1\u30a2\u90e8\u9580\u3002\u30b9\u30b1\u30b8\u30e5\u30fc\u30eb\u306b\u53b3\u5bc6\u306b\u5f93\u3044\u3001\u8eca\u4e21\u3068\u30c9\u30e9\u30a4\u30d0\u30fc\u306e\u60c5\u5831\u3092\u5e38\u306b\u66f4\u65b0\u3057\u307e\u3059\u3002<\/li>\n<li style=\"text-align: justify;\">\u65e5\u66dc\u65e5\u3001\u795d\u65e5\u3001\u6b63\u6708\u306b\u8eca\u3092\u4f7f\u7528\u3059\u308b\u3068\u3001\u9867\u5ba2\u306f\u3088\u308a\u591a\u304f\u306e\u30a4\u30f3\u30bb\u30f3\u30c6\u30a3\u30d6\u3092\u4eab\u53d7\u3067\u304d\u307e\u3059&#8230;<\/li>\n<\/ul>\n<h2>\u30b0\u30ea\u30fc\u30f3\u30ea\u30fc\u30d5\u30d9\u30c8\u30ca\u30e0\u65c5\u884c\u306e\u54c1\u8cea<\/h2>\n<ul>\n<li style=\"text-align: justify;\">\u9867\u5ba2\u306b\u306f\u5e38\u306b\u5b8c\u5168\u306a\u8eca\u4e21\u60c5\u5831\uff08\u8eca\u4e21\u540d\u3001\u5e74\u5f0f\u3001MT\/AT\u3001\u5ea7\u5e2d\u6570\u3001\u30c8\u30e9\u30f3\u30af\u306e\u5e83\u3055\u306a\u3069\uff09\u3092\u63d0\u4f9b\u3057\u307e\u3059\u3002<\/li>\n<li style=\"text-align: justify;\">\u8eca\u4e21\u306f\u304a\u5ba2\u69d8\u306e\u3054\u5229\u7528\u524d\u306b\u5185\u5916\u3092\u6e05\u6383\u3055\u308c\u3001\u8eca\u4e21\u306f\u5e38\u306b\u5b9a\u671f\u7684\u306b\u30e1\u30f3\u30c6\u30ca\u30f3\u30b9\u3055\u308c\u307e\u3059\u3002<\/li>\n<li style=\"text-align: justify;\">\u8eca\u4e21\u304c\u5408\u610f\u3069\u304a\u308a\u306b\u6a5f\u80fd\u3057\u306a\u3044\u306a\u3069\u4e88\u671f\u3057\u306a\u3044\u554f\u984c\u304c\u767a\u751f\u3057\u305f\u5834\u5408\u306f\u3001\u3059\u3050\u306b\u5225\u306e\u8eca\u4e21\u3092\u4ea4\u63db\u30fb\u63d0\u4f9b\u3057\u307e\u3059\u3002<\/li>\n<li style=\"text-align: justify;\">\u304a\u5ba2\u69d8\u304cWi-Fi\u3001\u30c6\u30ec\u30d3\u753b\u9762\u3001\u30a8\u30a2\u30b3\u30f3\u3001\u30b5\u30a6\u30f3\u30c9\u30b7\u30b9\u30c6\u30e0\u3001\u30bd\u30d5\u30c8\u30b7\u30fc\u30c8\u3001\u81ea\u52d5\u30c9\u30a2\u306a\u3069\u306e\u8a2d\u5099\u3092\u5b8c\u5099\u3057\u305f\u30e2\u30c0\u30f3\u306a\u8eca\u3092\u9078\u629e\u3067\u304d\u308b\u3088\u3046\u306b\u30b5\u30dd\u30fc\u30c8\u3057\u307e\u3059\u3002<\/li>\n<\/ul>\n<p><img decoding=\"async\" loading=\"lazy\" src=\"https:\/\/greenleafvietnam.com\/wp-content\/uploads\/2022\/07\/Giai-phap-quan-ly-doan-xe-1-e1675417306601.jpg\" alt=\"Gi\u1ea3i ph\u00e1p qu\u1ea3n l\u00fd \u0111o\u00e0n xe (1)\" width=\"800\" height=\"533\" \/><\/p>\n<h2>\u30c9\u30e9\u30a4\u30d0\u30fc\u4ed8\u304d\u306e\u30b9\u30dd\u30c3\u30c8\u30ab\u30fc\u30ec\u30f3\u30bf\u30eb<\/h2>\n<p style=\"text-align: justify;\">\u5b8c\u74a7\u306a\u30b5\u30fc\u30d3\u30b9\u306b\u5b89\u3044\u4fa1\u683c\u306f\u3042\u308a\u307e\u305b\u3093\u304c\u3001\u30b0\u30ea\u30fc\u30f3\u30ea\u30fc\u30d5\u30d9\u30c8\u30ca\u30e0\u3067\u306f\u3001\u304a\u5ba2\u69d8\u306b\u3068\u3063\u3066\u6700\u3082\u30ea\u30fc\u30ba\u30ca\u30d6\u30eb\u306a\u30b3\u30b9\u30c8\u3067\u63d0\u4f9b\u3059\u308b\u306e\u3067\u3001\u3059\u3079\u3066\u306e\u30b5\u30fc\u30d3\u30b9\u306b\u6e80\u8db3\u3059\u308b\u3067\u3057\u3087\u3046\u3002\u4fa1\u683c\u306f\u3001\u81ea\u52d5\u8eca\u30e1\u30fc\u30ab\u30fc\u3001\u8eca\u7a2e\u3001\u30c8\u30e9\u30f3\u30b9\u30df\u30c3\u30b7\u30e7\u30f3\uff08\u624b\u52d5\u307e\u305f\u306f\u81ea\u52d5\uff09\u3001\u304a\u3088\u3073\u65c5\u884c\u65e5\u6570\u306b\u3088\u3063\u3066\u7570\u306a\u308a\u307e\u3059\u3002\u7279\u306b\u5e02\u5834\u4fa1\u683c\u3084\u6642\u9593\u306b\u5fdc\u3058\u3066\u5909\u52d5\u3059\u308b\u624b\u6570\u6599\u306e\u5897\u6e1b\u306b\u3064\u3044\u3066\u306f\u3001\u30b9\u30bf\u30c3\u30d5\u304c\u304a\u5ba2\u69d8\u306e\u9078\u629e\u3092\u614e\u91cd\u304b\u3064\u660e\u78ba\u306b\u30a2\u30c9\u30d0\u30a4\u30b9\u3057\u307e\u3059\u3002<\/p>\n<p style=\"text-align: justify;\">\u305d\u3057\u3066\u5fc3\u914d\u3057\u306a\u3044\u3067\u304f\u3060\u3055\u3044\u3001\u79c1\u305f\u3061\u306f\u5e38\u306b\u3042\u306a\u305f\u306b\u6700\u826f\u306e\u63d0\u6848\u3092\u3057\u3001\u5951\u7d04\u306b\u7f72\u540d\u3059\u308b\u3068\u304d\u306b\u4fa1\u683c\u306b\u3064\u3044\u3066\u4ea4\u6e09\u3057\u5408\u610f\u3057\u307e\u3059\u3002<\/p>\n<p style=\"text-align: justify;\">\u4f11\u65e5\u3084\u795d\u65e5\u3001\u6b63\u6708\u306a\u3069\u306e\u3054\u5229\u7528\u306e\u969b\u306f10\u65e5\u524d\u306b\u8eca\u3092\u4e88\u7d04\u4e0b\u3055\u3044\u3002\u30b0\u30ea\u30fc\u30f3\u30ea\u30fc\u30d5\u30d9\u30c8\u30ca\u30e0\u306f\u6700\u9069\u306a\u8eca\u3068\u30c9\u30e9\u30a4\u30d0\u30fc\u306e\u30b9\u30b1\u30b8\u30e5\u30fc\u30eb\u3092\u7a4d\u6975\u7684\u306b\u8abf\u6574\u3059\u308b\u306e\u306b\u5f79\u7acb\u3061\u307e\u3059\u3002\u4f11\u65e5\u3084\u795d\u65e5\u3001\u6b63\u6708\u306f\u76f4\u524d\u306b\u4e88\u7d04\u3059\u308b\u3068\u6599\u91d1\u304c\u9ad8\u304f\u306a\u308b\u3053\u3068\u304c\u3042\u308a\u307e\u3059\u3002<\/p>\n<p><a role=\"button\" href=\"\/lien-he\" target=\"_blank\" rel=\"noopener\"><br \/>\n\u30ec\u30f3\u30bf\u30ab\u30fc\u306e\u4fa1\u683c<br \/>\n<\/a><\/p>\n<h4>\u8cea\u554f<\/h4>\n<h4>\u3069\u306e\u304f\u3089\u3044\u524d\u306b\u8eca\u3092\u4e88\u7d04\u3059\u308b\u5fc5\u8981\u304c\u3042\u308a\u307e\u3059\u304b\uff1f<\/h4>\n<p>\u51fa\u767a\u65e5\uff08\u3054\u5229\u7528\u65e5\uff09\u306e1\u65e5\u524d\u307e\u3067\u306b\u8eca\u3092\u4e88\u7d04\u3057\u3066\u4e0b\u3055\u3044\u3002\u305f\u3060\u3057\u3001\u8eca\u4e21\u3084\u30c9\u30e9\u30a4\u30d0\u30fc\u306e\u7a7a\u304d\u72b6\u6cc1\u306b\u3088\u3063\u3066\u306f\u3054\u4e88\u7d04\u304c\u51fa\u6765\u306a\u3044\u5834\u5408\u3084\u3054\u8981\u671b\uff08\u82f1\u8a9e\u304c\u51fa\u6765\u308b\u30c9\u30e9\u30a4\u30d0\u30fc\u306a\u3069\uff09\u306b\u304a\u5fdc\u3048\u51fa\u6765\u306a\u3044\u5834\u5408\u304c\u5fa1\u5ea7\u3044\u307e\u3059\u3002<\/p>\n<p>\uff0a\u4f11\u65e5\u3001\u795d\u65e5\u3001\u6b63\u6708\u306a\u3069\u306f\u30b9\u30dd\u30c3\u30c8\u30ec\u30f3\u30bf\u30ab\u30fc\u306e\u3054\u5229\u7528\u304c\u5897\u3048\u308b\u305f\u3081\u3001\u304a\u65e9\u3081\u306e\u3054\u9023\u7d61\u3092\u304a\u9858\u3044\u81f4\u3057\u307e\u3059\u3002<\/p>\n<h4>\u30c9\u30e9\u30a4\u30d0\u30fc\u306a\u3057\u3067\u30ec\u30f3\u30bf\u30ab\u30fc\u3092\u501f\u308a\u308b\u3053\u3068\u306f\u3067\u304d\u307e\u3059\u304b\uff1f<\/h4>\n<p>\u6b8b\u5ff5\u306a\u304c\u3089\u3001\u73fe\u5728\u3001\u304a\u5ba2\u69d8\u306e\u5b89\u5168\u3068\u6642\u9593\u306e\u6b63\u78ba\u3055\u3092\u78ba\u4fdd\u3059\u308b\u305f\u3081\u306b\u3001\u30c9\u30e9\u30a4\u30d0\u30fc\u4ed8\u304d\u306e\u30ec\u30f3\u30bf\u30ab\u30fc\u30b5\u30fc\u30d3\u30b9\u306e\u307f\u3092\u5c55\u958b\u3057\u3066\u3044\u307e\u3059\u3002<\/p>\n<h4>\u8eca\u5185\u3067\u306e\u55ab\u7159\u306f\u51fa\u6765\u307e\u3059\u304b\uff1f<\/h4>\n<p>\u73fe\u5728\u3001\u3059\u3079\u3066\u306e\u8eca\u4e21\u306b\u304a\u3044\u3066\u8eca\u5185\u3067\u306e\u55ab\u7159\u306f\u51fa\u6765\u307e\u305b\u3093\u3002\u65c5\u306e\u5b89\u5168\u306e\u305f\u3081\u306b\u3001\u3054\u7406\u89e3\u3068\u3054\u5354\u529b\u3092\u8cdc\u308a\u307e\u3059\u3088\u3046\u304a\u9858\u3044\u7533\u3057\u4e0a\u3052\u307e\u3059\u3002<\/p>\n<h4>\u30c9\u30e9\u30a4\u30d0\u30fc\u3092\u8a55\u4fa1\u3059\u308b\u5fc5\u8981\u304c\u3042\u308a\u307e\u3059\u304b\uff1f<\/h4>\n<p>\u8eca\u3092\u4f7f\u7528\u3057\u305f\u5f8c\u3001\u304a\u5ba2\u69d8\u306f\u30c9\u30e9\u30a4\u30d0\u30fc\u306b\u76f4\u63a5\u30a2\u30c9\u30d0\u30a4\u30b9\u3092\u3059\u308b\u5fc5\u8981\u306f\u3042\u308a\u307e\u305b\u3093\u3002\u4f46\u3057\u3001\u30bb\u30fc\u30eb\u30b9\u30c1\u30fc\u30e0\u306a\u3069\u306b\u30c9\u30e9\u30a4\u30d0\u30fc\u306e\u30ec\u30d3\u30e5\u30fc\u3092\u9802\u3051\u307e\u3059\u3068\u5e78\u3044\u3067\u3059\u3002<\/p>\n<h4>\u51fa\u5f35\u5229\u7528\u6642\u3001\u30c9\u30e9\u30a4\u30d0\u30fc\u306e\u305f\u3081\u306b\u5bbf\u6cca\u65bd\u8a2d\u3092\u7528\u610f\u3059\u308b\u5fc5\u8981\u304c\u3042\u308a\u307e\u3059\u304b\uff1f<\/h4>\n<p>\u65c5\u884c\u3084\u51fa\u5f35\u306a\u3069\u3067\u5bbf\u6cca\u3092\u4f34\u3046\u3054\u5229\u7528\u306e\u969b\u3001\u30c9\u30e9\u30a4\u30d0\u30fc\u306f\u30c9\u30e9\u30a4\u30d0\u30fc\u81ea\u8eab\u3067\u5bbf\u6cca\u5148\u3092\u63a2\u3057\u307e\u3059\u306e\u3067\u3001\u304a\u5ba2\u69d8\u306b\u3054\u7528\u610f\u9802\u304f\u5fc5\u8981\u306f\u5fa1\u5ea7\u3044\u307e\u305b\u3093\u3002<\/p>\n<h4>\u8eca\u306e\u4e88\u7d04\u3092\u30ad\u30e3\u30f3\u30bb\u30eb\u3057\u305f\u5834\u5408\u306e\u9055\u7d04\u91d1\u306f\u3042\u308a\u307e\u3059\u304b\uff1f<\/h4>\n<p>\u539f\u5247\u3068\u3057\u3066\u3001\u524d\u65e5\u306e\u6b63\u5348\u307e\u3067\u306b\u30ad\u30e3\u30f3\u30bb\u30eb\u3055\u308c\u305f\u5834\u5408\u3001\u30ad\u30e3\u30f3\u30bb\u30eb\u6599\u306f\u304b\u304b\u308a\u307e\u305b\u3093\u3002\uff08\u4f46\u3057\u3001\u4f11\u65e5\u53ca\u3073\u795d\u65e5\u3092\u9664\u304f\uff09<br \/>\n\u3053\u306e\u6642\u9593\u4ee5\u964d\u306b\u30ad\u30e3\u30f3\u30bb\u30eb\u3057\u305f\u5834\u5408\u3001\u524d\u65e5\u30ad\u30e3\u30f3\u30bb\u30eb\u306f\u3054\u5229\u7528\u6599\u91d1\u306e50%\u3001\u3054\u5229\u7528\u5f53\u65e5\u306e\u30ad\u30e3\u30f3\u30bb\u30eb\u306f\u3054\u5229\u7528\u6599\u91d1\u306e100%\u306e\u30ad\u30e3\u30f3\u30bb\u30eb\u6599\u304c\u767a\u751f\u3059\u308b\u5834\u5408\u304c\u3042\u308a\u307e\u3059\u3002<\/p>\n<p>\uff1c\u4f8b\u5916\uff1e<br \/>\n\u4f11\u65e5\u53ca\u3073\u795d\u65e5\u5229\u7528\u306e\u30ad\u30e3\u30f3\u30bb\u30eb\uff1a\u3054\u5229\u7528\u65e5\u306e2\u65e5\u524d\u306e\u5915\u65b917\u6642\u307e\u3067\u306b\u30ad\u30e3\u30f3\u30bb\u30eb\u3055\u308c\u305f\u5834\u5408\u306f\u30ad\u30e3\u30f3\u30bb\u30eb\u6599\u304c\u767a\u751f\u3057\u307e\u305b\u3093\u3002\u524d\u65e5\u53ca\u3073\u5f53\u65e5\u306e\u30ad\u30e3\u30f3\u30bb\u30eb\u306f100%\u306e\u30ad\u30e3\u30f3\u30bb\u30eb\u6599\u304c\u767a\u751f\u3059\u308b\u5834\u5408\u304c\u3042\u308a\u307e\u3059\u3002<br \/>\n29\u5e2d\u4ee5\u4e0a\u306e\u30d0\u30b9\u3084FORD TRANSIT LIMOUSINE\u306a\u3069\u306e\u30ad\u30e3\u30f3\u30bb\u30eb\u306f\u3001\u3054\u5229\u7528\u65e5\u306e3\u65e5\u524d\u306e\u5915\u65b917\u6642\u307e\u3067\u306b\u30ad\u30e3\u30f3\u30bb\u30eb\u3055\u308c\u305f\u5834\u5408\u306f\u30ad\u30e3\u30f3\u30bb\u30eb\u6599\u304c\u767a\u751f\u3057\u307e\u305b\u3093\u30022\u65e5\u524d\u306e\u30ad\u30e3\u30f3\u30bb\u30eb\u306f\u3054\u5229\u7528\u6599\u91d1\u306e50%\u3001\u524d\u65e5\u53ca\u3073\u5f53\u65e5\u306e\u30ad\u30e3\u30f3\u30bb\u30eb\u306f\u3054\u5229\u7528\u6599\u91d1\u306e100%\u306e\u30ad\u30e3\u30f3\u30bb\u30eb\u6599\u304c\u767a\u751f\u3059\u308b\u5834\u5408\u304c\u3042\u308a\u307e\u3059\u3002<\/p>\n<h4>\u30bb\u30af\u30b7\u30e7\u30f3\u304a\u5ba2\u69d8\u306e\u30b3\u30e1\u30f3\u30c8<\/h4>\n<p><img decoding=\"async\" src=\"https:\/\/greenleafvietnam.com\/wp-content\/uploads\/2022\/07\/khach-hang.jpg\" alt=\"kh\u00e1ch h\u00e0ng\" \/><\/p>\n<h4>Phan Hai<\/h4>\n<blockquote>\n<p style=\"text-align: left;\">&#8220;\u3053\u308c\u306f\u3001\u591a\u304f\u306e\u6700\u65b0\u8a2d\u5099\u3092\u5099\u3048\u305f\u30d5\u30ea\u30fc\u30c8\u306e\u7ba1\u7406\u3068\u904b\u7528\u306e\u30d7\u30ed\u30bb\u30b9\u3092\u975e\u5e38\u306b\u3046\u307e\u304f\u9069\u7528\u3057\u3066\u3044\u308b\u6570\u5c11\u306a\u3044\u8f38\u9001\u4f1a\u793e\u306e1\u3064\u3067\u3059\u3002\u4fa1\u683c\u306b\u306f\u5e38\u306b\u54c1\u8cea\u304c\u4f34\u3044\u307e\u3059\u304c\u3001\u71c3\u6599\u5236\u5fa1\u30bd\u30d5\u30c8\u30a6\u30a7\u30a2\u306e\u9069\u7528\u306b\u3088\u308a\u3001\u5f53\u793e\u306f\u30b3\u30b9\u30c8\u3092\u975e\u5e38\u306b\u52b9\u679c\u7684\u306b\u6700\u9069\u5316\u3059\u308b\u3053\u3068\u304c\u3067\u304d\u307e\u3057\u305f\u3002&#8221;<\/p>\n<\/blockquote>\n<p><img decoding=\"async\" loading=\"lazy\" src=\"https:\/\/greenleafvietnam.com\/wp-content\/uploads\/2022\/08\/\ud83e\udd86-illustration-_IT-Support_.png\" alt=\"\ud83e\udd86 illustration _IT Support_\" width=\"550\" height=\"435\" \/><br \/>\n<img decoding=\"async\" loading=\"lazy\" src=\"https:\/\/greenleafvietnam.com\/wp-content\/uploads\/2022\/11\/button-tieng-nhat-03.png\" alt=\"button ti\u1ebfng nh\u1eadt-03\" width=\"1250\" height=\"602\" \/><\/p>\n","protected":false},"excerpt":{"rendered":"<p>\u30b9\u30dd\u30c3\u30c8\u30ec\u30f3\u30bf\u30ab\u30fc\uff08\u77ed\u671f\u5229\u7528\uff09 \u30b0\u30ea\u30fc\u30ea\u30fc\u30d5\u30d9\u30c8\u30ca\u30e0\u3068 \u4e00\u7dd2\u306b\u65c5\u884c\u3092\u697d\u3057\u307f\u307e\u3057\u3087\u3046 \u6700\u3082\u5feb\u9069\u306a\u30d9\u30c8\u30ca\u30e0\u65c5\u884c\u4f53\u9a13\u3002\u30b0\u30ea\u30fc\u30f3\u30ea\u30fc\u30d5\u30d9\u30c8\u30ca\u30e0\u306f\u3001\u3059\u3079\u3066\u306e\u5730\u57df\u306b\u7cbe\u901a\u3057\u305f\u30c9\u30e9\u30a4\u30d0\u30fc\u304c\u5728\u7c4d\u3057\u3001\u3055\u307e\u3056\u307e\u306a\u30ec\u30f3\u30bf\u30ab\u30fc\u30b5\u30fc\u30d3\u30b9\u3092\u63d0\u4f9b\u3057\u3001\u500b&hellip;<\/p>\n","protected":false},"author":1,"featured_media":3387,"parent":0,"menu_order":0,"comment_status":"closed","ping_status":"closed","template":"","meta":{"inline_featured_image":false},"_links":{"self":[{"href":"https:\/\/greenleafvietnam.com\/ja\/wp-json\/wp\/v2\/pages\/2855"}],"collection":[{"href":"https:\/\/greenleafvietnam.com\/ja\/wp-json\/wp\/v2\/pages"}],"about":[{"href":"https:\/\/greenleafvietnam.com\/ja\/wp-json\/wp\/v2\/types\/page"}],"author":[{"embeddable":true,"href":"https:\/\/greenleafvietnam.com\/ja\/wp-json\/wp\/v2\/users\/1"}],"replies":[{"embeddable":true,"href":"https:\/\/greenleafvietnam.com\/ja\/wp-json\/wp\/v2\/comments?post=2855"}],"version-history":[{"count":0,"href":"https:\/\/greenleafvietnam.com\/ja\/wp-json\/wp\/v2\/pages\/2855\/revisions"}],"wp:featuredmedia":[{"embeddable":true,"href":"https:\/\/greenleafvietnam.com\/ja\/wp-json\/wp\/v2\/media\/3387"}],"wp:attachment":[{"href":"https:\/\/greenleafvietnam.com\/ja\/wp-json\/wp\/v2\/media?parent=2855"}],"curies":[{"name":"wp","href":"https:\/\/api.w.org\/{rel}","templated":true}]}}