{"id":3118,"date":"2022-07-29T03:06:03","date_gmt":"2022-07-29T03:06:03","guid":{"rendered":"https:\/\/greenleafvietnam.com\/khoa-huan-luyen-va-cap-bang-lai-xe-cao-cap"},"modified":"2023-02-10T10:02:11","modified_gmt":"2023-02-10T10:02:11","slug":"%e3%83%89%e3%83%a9%e3%82%a4%e3%83%90%e3%83%bc%e9%a4%8a%e6%88%90%e3%82%b3%e3%83%bc%e3%82%b9","status":"publish","type":"page","link":"https:\/\/greenleafvietnam.com\/ja\/%e3%83%89%e3%83%a9%e3%82%a4%e3%83%90%e3%83%bc%e9%a4%8a%e6%88%90%e3%82%b3%e3%83%bc%e3%82%b9","title":{"rendered":"\u30c9\u30e9\u30a4\u30d0\u30fc\u990a\u6210\u30b3\u30fc\u30b9"},"content":{"rendered":"<h2>\u30d7\u30ed\u30d5\u30a7\u30c3\u30b7\u30e7\u30ca\u30eb\u30c9\u30e9\u30a4\u30d0\u30fc\u990a\u6210\u30b3\u30fc\u30b9<\/h2>\n<p><img decoding=\"async\" src=\"https:\/\/greenleafvietnam.com\/wp-content\/uploads\/2022\/07\/DSC_4676.jpg\" alt=\"DSC_4676\" \/><\/p>\n<p style=\"text-align: justify;\">\u9577\u5e74\u306e\u30d0\u30c3\u30af\u30b0\u30e9\u30a6\u30f3\u30c9\u304b\u3089\u3001\u30b0\u30ea\u30fc\u30f3\u30ea\u30fc\u30d5\u30d9\u30c8\u30ca\u30e0\u306f\u4f1a\u793e\u5168\u4f53\u306e\u30c9\u30e9\u30a4\u30d0\u30fc\u30b9\u30bf\u30c3\u30d5\u306e\u305f\u3081\u306e\u5b89\u5168\u904b\u8ee2\u3068\u9632\u5fa1\u904b\u8ee2\u6307\u5c0e\u306e\u30d7\u30ed\u30d5\u30a7\u30c3\u30b7\u30e7\u30ca\u30eb\u306a\u30a4\u30f3\u30b9\u30c8\u30e9\u30af\u30bf\u30fc\u30c1\u30fc\u30e0\u3092\u4f5c\u308a\u4e0a\u3052\u307e\u3057\u305f\u3002<\/p>\n<p style=\"text-align: justify;\">\u540c\u6642\u306b\u3001\u56fd\u5185\u5916\u306e\u30e6\u30cb\u30c3\u30c8\u3084\u4e0a\u7d1a\u8b1b\u5e2b\u3068\u5354\u529b\u3057\u3001DDT\uff08\u9632\u885b\u904b\u8ee2\u30c8\u30ec\u30fc\u30cb\u30f3\u30b0\uff09\u3001\u30d7\u30ed\u306e\u904b\u8ee2\u3001\u5fdc\u6025\u51e6\u7f6e\u3001\u5de5\u5834\u306e\u5b89\u5168\u306a\u3069\u306e\u9ad8\u5ea6\u306a\u8a3c\u660e\u66f8\u3092\u30c8\u30ec\u30fc\u30cb\u30f3\u30b0\u3057\u3066\u4ed8\u4e0e\u3057\u307e\u3059\u3002<\/p>\n<p style=\"text-align: justify;\">\u3053\u306e\u8a3c\u660e\u66f8\u306f\u3001\u904b\u8ee2\u6280\u8853\u306e\u5411\u4e0a\u306b\u52a0\u3048\u3066\u3001\u5916\u56fd\u4f01\u696d\u3067\u50cd\u304f\u969b\u306b\u5fc5\u8981\u306a\u57fa\u6e96\u3092\u6e80\u305f\u3059\u306e\u306b\u5f79\u7acb\u3061\u3001\u30d9\u30c8\u30ca\u30e0\u56fd\u5185\u5168\u57df\u3067\u4f7f\u7528\u3067\u304d\u307e\u3059\u3002<\/p>\n<h2>\u30c8\u30ec\u30fc\u30cb\u30f3\u30b0\u306b\u53c2\u52a0\u3059\u308b\u30e1\u30ea\u30c3\u30c8<\/h2>\n<p><img decoding=\"async\" loading=\"lazy\" src=\"https:\/\/greenleafvietnam.com\/wp-content\/uploads\/2022\/07\/MG_6009-1-e1675313791903.jpeg\" alt=\"_MG_6009\" width=\"800\" height=\"533\" \/><\/p>\n<h2>\u4f1a\u793e\u3068\u3057\u3066<\/h2>\n<p style=\"text-align: justify;\">\u4e8b\u696d\u4e3b\u306f\u3001\u5b89\u5168\u306a\u904b\u8ee2\u30b9\u30ad\u30eb\u3092\u78ba\u4fdd\u3057\u3001\u4e8b\u696d\u306b\u304a\u3051\u308b\u8cac\u4efb\u8005\u306e\u4e8b\u6848\u306b\u5bfe\u51e6\u3059\u308b\u65b9\u6cd5\u3092\u628a\u63e1\u3057\u3001\u5f93\u696d\u54e1\u3084\u5c02\u9580\u5bb6\u306e\u79fb\u52d5\u304c\u9045\u308c\u308b\u30ea\u30b9\u30af\u3092\u5236\u9650\u3057\u3001\u4eba\u3084\u8ca1\u7523\u3078\u306e\u640d\u5bb3\u306e\u30ea\u30b9\u30af\u3092\u5236\u9650\u3059\u308b\u306e\u306b\u5f79\u7acb\u3061\u307e\u3059\u3002<\/p>\n<h2>\u500b\u4eba\u3068\u3057\u3066<\/h2>\n<p style=\"text-align: justify;\">\u3053\u306e\u30b3\u30fc\u30b9\u306f\u3001\u8eca\u306e\u904b\u8ee2\u65b9\u6cd5\u3092\u77e5\u3063\u3066\u3044\u3066\u904b\u8ee2\u514d\u8a31\u8a3c\u3092\u6301\u3063\u3066\u3044\u308b\u3059\u3079\u3066\u306e\u4eba\u306b\u9069\u3057\u3066\u3044\u307e\u3059\u3002\u5b89\u5168\u306b\u904b\u8ee2\u3059\u308b\u305f\u3081\u306b\u5fc5\u8981\u306a\u77e5\u8b58\u3068\u30b9\u30ad\u30eb\u3092\u5411\u4e0a\u3055\u305b\u3001\u81ea\u5206\u81ea\u8eab\u3068\u5468\u56f2\u306e\u4eba\u3005\u3078\u306e\u5371\u967a\u3092\u56de\u907f\u3059\u308b\u3053\u3068\u304c\u51fa\u6765\u307e\u3059\u3002<br \/>\n\u9053\u8def\u3067\u8eca\u3092\u904b\u8ee2\u3059\u308b\u3068\u304d\u306e\u5371\u967a\u306a\u72b6\u6cc1\u306b\u5bfe\u51e6\u3059\u308b\u65b9\u6cd5\u3092\u77e5\u3063\u3066\u3044\u307e\u3059\u3002<\/p>\n<p><img decoding=\"async\" src=\"https:\/\/greenleafvietnam.com\/wp-content\/uploads\/2022\/07\/Giai-phap-quan-ly-doan-xe-1.jpg\" alt=\"Gi\u1ea3i ph\u00e1p qu\u1ea3n l\u00fd \u0111o\u00e0n xe (1)\" \/><\/p>\n<h2>\u30d7\u30ed\u30d5\u30a7\u30c3\u30b7\u30e7\u30ca\u30eb\u30c9\u30e9\u30a4\u30d0\u30fc\u990a\u6210\u30b3\u30fc\u30b9\u3092\u9078\u3093\u3060\u7406\u7531<\/h2>\n<ul>\n<li style=\"text-align: justify;\">\u7d4c\u9a13\u8c4a\u5bcc\u306a\u30a4\u30f3\u30b9\u30c8\u30e9\u30af\u30bf\u30fc\u306f\u3001\u5b89\u5168\u90e8\u9580\uff08\u52b4\u50cd\u50b7\u75c5\u5175\u793e\u4f1a\u7701\uff09\u306b\u3088\u3063\u3066\u3001\u308f\u304b\u308a\u3084\u3059\u3044\u6559\u6388\u6cd5\u3067\u8a8d\u5b9a\u3055\u308c\u3066\u3044\u307e\u3059\u3002<\/li>\n<li style=\"text-align: justify;\">\u30ab\u30ea\u30ad\u30e5\u30e9\u30e0\u306f\u8a73\u7d30\u3067\u3001\u7cfb\u7d71\u7684\u3067\u3001\u7406\u89e3\u3057\u3084\u3059\u304f\u3001\u9069\u7528\u3057\u3084\u3059\u304f\u3001\u5185\u5bb9\u306f\u6700\u65b0\u306e\u3082\u306e\u306b\u66f4\u65b0\u3055\u308c\u3066\u3044\u307e\u3059\u3002<\/li>\n<li style=\"text-align: justify;\">\u30b3\u30fc\u30b9\u306e\u5185\u5bb9\u306f\u3001\u7406\u8ad6\u3092\u5b66\u3076\u3060\u3051\u3067\u306a\u304f\u3001\u7406\u8ad6\u306b\u57fa\u3065\u3044\u305f\u5b9f\u8df5\u7684\u306a\u30b9\u30ad\u30eb\u306b\u7126\u70b9\u3092\u5f53\u3066\u307e\u3059\u3002<\/li>\n<li style=\"text-align: justify;\">\u6a19\u6e96\u7684\u3067\u5e83\u3005\u3068\u3057\u305f\u7df4\u7fd2\u5834\u306f\u3001\u30c8\u30ec\u30fc\u30cb\u30f3\u30b0\u30d7\u30ed\u30bb\u30b9\u306b\u3088\u3063\u3066\u53d7\u8b1b\u8005\u304c\u53ef\u80fd\u306a\u9650\u308a\u904b\u8ee2\u3092\u7df4\u7fd2\u3067\u304d\u308b\u3088\u3046\u306b\u3057\u307e\u3059\u3002<br \/>\n<img decoding=\"async\" loading=\"lazy\" src=\"https:\/\/greenleafvietnam.com\/wp-content\/uploads\/2022\/08\/Group-135.png\" alt=\"\" width=\"184\" height=\"180\" \/><\/li>\n<\/ul>\n<ul>\n<li style=\"text-align: justify;\">\u6559\u80b2\u6a5f\u5668\u3001\u5b9f\u7528\u7684\u306a\u30b5\u30dd\u30fc\u30c8\u30c4\u30fc\u30eb\u306f\u3001\u5b8c\u5168\u3067\u3001\u6700\u65b0\u3067\u3001\u6700\u3082\u76f4\u611f\u7684\u3067\u3059\u3002\u5927\u5c0f\u3055\u307e\u3056\u307e\u306a\u898f\u6a21\u306b\u9069\u3057\u305f\u591a\u69d8\u306a\u6559\u5ba4\u3002\u7406\u8ad6\u3068\u5b9f\u8df5\u306e\u5408\u9593\u306b\u3001\u53d7\u8b1b\u8005\u3068\u306e\u663c\u98df\u304c\u3042\u308a\u307e\u3059\u3002<\/li>\n<li style=\"text-align: justify;\">\u30b3\u30fc\u30b9\u7d42\u4e86\u5f8c\u306e\u5c02\u9580\u77e5\u8b58\u306e\u30b3\u30f3\u30b5\u30eb\u30c6\u30a3\u30f3\u30b0\u3068\u56de\u7b54\u3092100\uff05\u7121\u6599\u3067\u30b5\u30dd\u30fc\u30c8\u3057\u307e\u3059\u3002<\/li>\n<li style=\"text-align: justify;\">\u5404\u6a5f\u95a2\u3084\u4f01\u696d\u306e\u8981\u4ef6\u306b\u5fdc\u3058\u3066\u8a2d\u8a08\u3055\u308c\u305f\u7279\u5225\u30b3\u30fc\u30b9\u304c\u3042\u308a\u307e\u3059\u3002<\/li>\n<li style=\"text-align: justify;\">\u591a\u304f\u306e\u53d7\u8b1b\u8005\u304c\u30b3\u30fc\u30b9\u306b\u53c2\u52a0\u3057\u3066\u3044\u308b\u4f01\u696d\u306b\u3068\u3063\u3066\u306e\u5927\u304d\u306a\u30a4\u30f3\u30bb\u30f3\u30c6\u30a3\u30d6\u3002<br \/>\n\u30b3\u30fc\u30b9\u306b\u53c2\u52a0\u3057\u305f\u53d7\u8b1b\u8005\u306f\u3001\u5b66\u7fd2\u4e2d\u306b\u4ed6\u306e\u8cbb\u7528\u3092\u652f\u6255\u3046\u5fc5\u8981\u306f\u3042\u308a\u307e\u305b\u3093\u3002<br \/>\n<img decoding=\"async\" loading=\"lazy\" src=\"https:\/\/greenleafvietnam.com\/wp-content\/uploads\/2022\/08\/Group-60.png\" alt=\"\" width=\"166\" height=\"126\" \/><\/li>\n<\/ul>\n<h2>\u990a\u6210\u30d7\u30ed\u30b0\u30e9\u30e0<\/h2>\n<p><img decoding=\"async\" loading=\"lazy\" src=\"https:\/\/greenleafvietnam.com\/wp-content\/uploads\/2022\/10\/22.jpg\" alt=\"22\" width=\"1000\" height=\"716\" \/><br \/>\n<img decoding=\"async\" loading=\"lazy\" src=\"https:\/\/greenleafvietnam.com\/wp-content\/uploads\/2022\/10\/23.jpg\" alt=\"23\" width=\"1000\" height=\"716\" \/><br \/>\n<img decoding=\"async\" loading=\"lazy\" src=\"https:\/\/greenleafvietnam.com\/wp-content\/uploads\/2022\/08\/Rectangle-77-1.jpg\" alt=\"Rectangle 77\" width=\"420\" height=\"290\" \/><br \/>\n<img decoding=\"async\" loading=\"lazy\" src=\"https:\/\/greenleafvietnam.com\/wp-content\/uploads\/2022\/08\/Rectangle-78-1.jpg\" alt=\"m\u1eb9o l\u00e1i xe an to\u00e0n 2\" width=\"529\" height=\"290\" \/><br \/>\n<img decoding=\"async\" loading=\"lazy\" src=\"https:\/\/greenleafvietnam.com\/wp-content\/uploads\/2022\/08\/Rectangle-79-1.jpg\" alt=\"Rectangle 79\" width=\"309\" height=\"290\" \/><\/p>\n<h2>\u300c\u4ed6\u306e\u4eba\u304c\u5bdd\u3066\u3044\u308b\u9593\u306b\u5b66\u3073\u3001\u4ed6\u306e\u4eba\u304c\u6020\u3051\u3066\u3044\u308b\u9593\u306b\u50cd\u304d\u3001\u4ed6\u306e\u4eba\u304c\u904a\u3093\u3067\u3044\u308b\u9593\u306b\u6e96\u5099\u3057\u3001\u4ed6\u306e\u4eba\u304c\u305f\u3060\u671b\u3093\u3067\u3044\u308b\u9593\u306b\u5922\u3092\u898b\u306a\u3055\u3044\u3002\u300d<\/h2>\n<p style=\"text-align: center;\">Study while others sleep, work while others are idle, prepare while others play, dream while others want.<\/p>\n<p style=\"text-align: center;\">William Arthur Ward<\/p>\n<p><img decoding=\"async\" loading=\"lazy\" src=\"https:\/\/greenleafvietnam.com\/wp-content\/uploads\/2022\/08\/Neie-1.png\" alt=\"\u00d1\u00eb\u00ee\u00e9 1\" width=\"551\" height=\"455\" \/><\/p>\n<h2>\u30d7\u30ed\u30b0\u30e9\u30e0\u5185\u5bb9<\/h2>\n<p><img decoding=\"async\" src=\"https:\/\/greenleafvietnam.com\/wp-content\/uploads\/2022\/09\/hl1-1.jpg\" alt=\"hl1\" \/><\/p>\n<h2>\u7406\u8ad6<\/h2>\n<ul>\n<li>\u30b3\u30fc\u30b9\u306e\u76ee\u7684\u3068\u624b\u9806\u3002<\/li>\n<li>\u30c9\u30e9\u30a4\u30d0\u30fc\u306e\u4ea4\u901a\u5b89\u5168\u306b\u95a2\u3059\u308b\u6cd5\u7684\u8981\u4ef6\u3092\u66f4\u65b0\u3059\u308b\u308b<br \/>\n\u9632\u885b\u904b\u8ee2\u3068\u306f\u4f55\u3067\u3059\u304b\uff1f<\/li>\n<li>\u5b89\u5168\u904b\u8ee2\u306e\u8981\u7d20\u2013\u5b89\u5168\u904b\u8ee2\u306e\u305f\u3081\u306e10\u306e\u30eb\u30fc\u30eb\u30c9\u30e9\u30a4\u30d0\u30fc\u306e\u8cac\u4efb\u3068\u4e00\u822c\u7684\u306a\u904b\u8ee2\u884c\u52d5\u3002<\/li>\n<li>\u9632\u5fa1\u7684\u306a\u904b\u8ee2\u30eb\u30fc\u30eb\u3068\u5236\u9650\u901f\u5ea6\u3002<\/li>\n<li>\u4f4d\u7f6e\u306b\u5fdc\u3058\u3066\u30d0\u30c3\u30af\u30df\u30e9\u30fc\u3092\u8abf\u6574\u3059\u308b\u65b9\u6cd5\u3002<\/li>\n<li>\u8eca\u4e21\u306e\u6b7b\u89d2\u3002<\/li>\n<li>\u4e0a\u308a\u5742\u3068\u4e0b\u308a\u5742\u3092\u904b\u8ee2\u3059\u308b\u969b\u306e\u5371\u967a\u306e\u691c\u51fa\u3068\u30c1\u30a7\u30c3\u30af\u8ffd\u3044\u8d8a\u3057\u72b6\u614b\u3067\u5b89\u5168\u306b\u904b\u8ee2\u3059\u308b\u65b9\u6cd5\u3092\u8aac\u660e\u3057\u307e\u3059\u3002<\/li>\n<li>\u5236\u5fa1\u4e0d\u80fd\u2013\u4f8b\uff1a\u7167\u660e\u3001\u5929\u6c17\u3001\u8907\u96d1\u306a\u9053\u8def\u3084\u4ea4\u901a\u72b6\u6cc1\u75b2\u52b4\u7ba1\u7406<br \/>\n\u8eca\u4e21\u306e\u5fdc\u6025\u51e6\u7f6e\u3068\u6d88\u706b\u6d3b\u52d5\u3002<\/li>\n<li>\u904b\u8ee2\u4e2d\u306e\u4e88\u671f\u3057\u306a\u3044\u72b6\u6cc1\u306b\u5bfe\u51e6\u3059\u308b\u5b9f\u969b\u306e\u7d4c\u9a13\u3092\u5171\u6709\u3057\u307e\u3059\u3002<\/li>\n<\/ul>\n<h2>\u5b9f\u884c<\/h2>\n<ul>\n<li>\u904b\u8ee2\u3059\u308b\u524d\u306b\u8eca\u3092\u30c1\u30a7\u30c3\u30af\u3059\u308b\u3053\u3068\u3002<\/li>\n<li>\u6b21\u306e\u5185\u5bb9\u3067\u3001\u30e2\u30c7\u30eb\uff08\u5404\u5b66\u751f\uff09\u306e\u7df4\u7fd2\u3068\u30c6\u30b9\u30c8\u3092\u884c\u3044\u307e\u3059\u3002<\/li>\n<li>\u904b\u8ee2\u4e2d\u3001\u7279\u306b\u7dca\u6025\u4e8b\u614b\u3067\u306e\u5bfe\u5fdc\u3068\u5bfe\u51e6\u65b9\u6cd5\u3002<\/li>\n<li>\u30b8\u30b0\u30b6\u30b0\u3092\u5b9f\u884c\u3057\u307e\u3059<\/li>\n<li>\u7dca\u6025\u30d6\u30ec\u30fc\u30ad\u306e\u30c6\u30af\u30cb\u30c3\u30af\u6ed1\u308a\u3084\u3059\u3044\u9053\u8def\u3092\u8d70\u308a\u307e\u3059\u3002<\/li>\n<\/ul>\n<p><img decoding=\"async\" src=\"https:\/\/greenleafvietnam.com\/wp-content\/uploads\/2022\/07\/DSC_4676.jpg\" alt=\"DSC_4676\" \/><\/p>\n<h2>\u30c9\u30e9\u30a4\u30d6\u30c8\u30ec\u30fc\u30cb\u30f3\u30b0\u30cb\u30e5\u30fc\u30b9<\/h2>\n<p><a title=\"\u65c5\u5148\u3067\u306e\u5b89\u5168\u898f\u5247\" href=\"https:\/\/greenleafvietnam.com\/ja\/%e7%a0%94%e4%bf%ae%e5%8c%ba%e5%88%86\/%e6%97%85%e5%85%88%e3%81%a7%e3%81%ae%e5%ae%89%e5%85%a8%e8%a6%8f%e5%89%87.html\" target=\"_self\" rel=\"noopener\"><br \/>\n<img decoding=\"async\" src=\"https:\/\/greenleafvietnam.com\/wp-content\/uploads\/2022\/11\/251378938_3009047502670640_5879078954888059091_n-e1673491733265.jpg\" alt=\"quy \u0111\u1ecbnh l\u01b0u tr\u00fa\" \/><br \/>\n<\/a><\/p>\n<h2><a tabindex=\"0\" title=\"\u65c5\u5148\u3067\u306e\u5b89\u5168\u898f\u5247\" href=\"https:\/\/greenleafvietnam.com\/ja\/%e7%a0%94%e4%bf%ae%e5%8c%ba%e5%88%86\/%e6%97%85%e5%85%88%e3%81%a7%e3%81%ae%e5%ae%89%e5%85%a8%e8%a6%8f%e5%89%87.html\">\u65c5\u5148\u3067\u306e\u5b89\u5168\u898f\u5247<\/a><\/h2>\n<p>\u81ea\u52d5\u8eca\u306f\u5bb6\u3001\u540c\u4e57\u8005\u306f\u5bb6\u65cf\u306e\u3088\u3046\u306a\u3082\u306e\u00a0 \u30c9\u30e9\u30a4\u30d0\u30fc\u306e\u7686\u69d8\u3078 \u3053\u306e\u3053\u3068\u3092\u5fd8\u308c\u306a\u3044\u3067\u304f\u3060\u3055\u3044\u3002\u81ea\u5206\u3092\u5b88\u308b &#8230;<\/p>\n<h4><a tabindex=\"0\" title=\"\u9577\u671f\u5951\u7d04\u30c9\u30e9\u30a4\u30d0\u30fc\u4ed8\u304d\u30ec\u30f3\u30bf\u30ab\u30fc\u306e\u30e1\u30ea\u30c3\u30c8\" href=\"https:\/\/greenleafvietnam.com\/ja\/%e7%b5%8c%e9%a8%93%e3%81%ae%e5%85%b1%e6%9c%89\/%e9%95%b7%e6%9c%9f%e5%a5%91%e7%b4%84%e3%83%89%e3%83%a9%e3%82%a4%e3%83%90%e3%83%bc%e4%bb%98%e3%81%8d%e3%83%ac%e3%83%b3%e3%82%bf%e3%82%ab%e3%83%bc%e3%81%ae%e3%83%a1%e3%83%aa%e3%83%83%e3%83%88.html\">\u9577\u671f\u5951\u7d04\u30c9\u30e9\u30a4\u30d0\u30fc\u4ed8\u304d\u30ec\u30f3\u30bf\u30ab\u30fc\u306e\u30e1\u30ea\u30c3\u30c8<\/a><\/h4>\n<p>\u9577\u671f\u5951\u7d04\u30c9\u30e9\u30a4\u30d0\u30fc\u4ed8\u304d\u30ec\u30f3\u30bf\u30ab\u30fc\u306f\u3001\u4f01\u696d\u3084\u4e8b\u696d\u6240\u306e\u4e88\u7b97\u3068\u8cc7\u6e90\u3092\u5927\u5e45\u306b\u7bc0\u7d04\u3059\u308b\u30bd\u30ea\u30e5\u30fc\u30b7\u30e7\u30f3\u3067\u3059\u3002 \u9577 &#8230;<\/p>\n<h4><a tabindex=\"0\" title=\"\u30d7\u30ec\u30b9\u30c6\u30fc\u30b8\u30ec\u30f3\u30bf\u30ab\u30fc\u4f53\u9a13\u8a18 in VIET NAM\" href=\"https:\/\/greenleafvietnam.com\/ja\/%e7%b5%8c%e9%a8%93%e3%81%ae%e5%85%b1%e6%9c%89\/%e3%83%97%e3%83%ac%e3%82%b9%e3%83%86%e3%83%bc%e3%82%b8%e3%83%ac%e3%83%b3%e3%82%bf%e3%82%ab%e3%83%bc%e4%bd%93%e9%a8%93%e8%a8%98-in-viet-nam.html\">\u30d7\u30ec\u30b9\u30c6\u30fc\u30b8\u30ec\u30f3\u30bf\u30ab\u30fc\u4f53\u9a13\u8a18 in VIET NAM<\/a><\/h4>\n<p>\u79c1\u305f\u3061\u306e\u30ec\u30f3\u30bf\u30ab\u30fc\u4f1a\u793e\u306f\u3001\u304a\u5ba2\u69d8\u306b\u30c9\u30e9\u30a4\u30d0\u30fc\u4ed8\u304d\u306e\u30ec\u30f3\u30bf\u30ab\u30fc\u3092\u30aa\u30d7\u30b7\u30e7\u30f3\u3067\u63d0\u4f9b\u3057\u3066\u3044\u307e\u3059\u3002 \u3053\u306e\u30b5\u30fc &#8230;<\/p>\n<h4><a tabindex=\"0\" title=\"\u306a\u305c\u7a7a\u6e2f\u9001\u8fce\u304c\u5fc5\u8981\u306a\u306e\u3067\u3059\u304b\uff1f\" href=\"https:\/\/greenleafvietnam.com\/ja\/%e7%b5%8c%e9%a8%93%e3%81%ae%e5%85%b1%e6%9c%89\/%e3%81%aa%e3%81%9c%e7%a9%ba%e6%b8%af%e9%80%81%e8%bf%8e%e3%81%8c%e5%bf%85%e8%a6%81%e3%81%aa%e3%81%ae%e3%81%a7%e3%81%99%e3%81%8b%ef%bc%9f.html\">\u306a\u305c\u7a7a\u6e2f\u9001\u8fce\u304c\u5fc5\u8981\u306a\u306e\u3067\u3059\u304b\uff1f<\/a><\/h4>\n<p>\u2708\ufe0f\ud83d\udc69\u200d\ud83e\uddb0 \u79c1\u305f\u3061\u306f\u7a7a\u6e2f\u9001\u8fce\u30b5\u30fc\u30d3\u30b9\u3092\u3057\u3066\u3044\u308b\u306e\u3067\u3001\u3042\u306a\u305f\u306e\u305d\u306e\u6c17\u6301\u3061\u3092\u77e5\u3063\u3066\u3044\u307e\u3059&#8230; \ud83d\ude97 \u3053\u308c &#8230;<br \/>\n<a role=\"button\" href=\"\/ja\/\u7814\u4fee\u533a\u5206\" target=\"_self\" rel=\"noopener\"><br \/>\n\u8a73\u3057\u304f\u306f\u3053\u3061\u3089<br \/>\n<\/a><br \/>\n<img decoding=\"async\" loading=\"lazy\" src=\"https:\/\/greenleafvietnam.com\/wp-content\/uploads\/2022\/08\/\ud83e\udd86-illustration-_IT-Support_.png\" alt=\"\ud83e\udd86 illustration _IT Support_\" width=\"550\" height=\"435\" \/><br \/>\n<img decoding=\"async\" loading=\"lazy\" src=\"https:\/\/greenleafvietnam.com\/wp-content\/uploads\/2022\/11\/button-tieng-nhat-03.png\" alt=\"button ti\u1ebfng nh\u1eadt-03\" width=\"1250\" height=\"602\" \/><\/p>\n","protected":false},"excerpt":{"rendered":"<p>\u30d7\u30ed\u30d5\u30a7\u30c3\u30b7\u30e7\u30ca\u30eb\u30c9\u30e9\u30a4\u30d0\u30fc\u990a\u6210\u30b3\u30fc\u30b9 \u9577\u5e74\u306e\u30d0\u30c3\u30af\u30b0\u30e9\u30a6\u30f3\u30c9\u304b\u3089\u3001\u30b0\u30ea\u30fc\u30f3\u30ea\u30fc\u30d5\u30d9\u30c8\u30ca\u30e0\u306f\u4f1a\u793e\u5168\u4f53\u306e\u30c9\u30e9\u30a4\u30d0\u30fc\u30b9\u30bf\u30c3\u30d5\u306e\u305f\u3081\u306e\u5b89\u5168\u904b\u8ee2\u3068\u9632\u5fa1\u904b\u8ee2\u6307\u5c0e\u306e\u30d7\u30ed\u30d5\u30a7\u30c3\u30b7\u30e7\u30ca\u30eb\u306a\u30a4\u30f3\u30b9\u30c8\u30e9\u30af\u30bf\u30fc\u30c1\u30fc\u30e0\u3092\u4f5c\u308a\u4e0a\u3052\u307e\u3057\u305f\u3002 \u540c\u6642\u306b&hellip;<\/p>\n","protected":false},"author":1,"featured_media":0,"parent":0,"menu_order":0,"comment_status":"closed","ping_status":"closed","template":"","meta":{"inline_featured_image":false},"_links":{"self":[{"href":"https:\/\/greenleafvietnam.com\/ja\/wp-json\/wp\/v2\/pages\/3118"}],"collection":[{"href":"https:\/\/greenleafvietnam.com\/ja\/wp-json\/wp\/v2\/pages"}],"about":[{"href":"https:\/\/greenleafvietnam.com\/ja\/wp-json\/wp\/v2\/types\/page"}],"author":[{"embeddable":true,"href":"https:\/\/greenleafvietnam.com\/ja\/wp-json\/wp\/v2\/users\/1"}],"replies":[{"embeddable":true,"href":"https:\/\/greenleafvietnam.com\/ja\/wp-json\/wp\/v2\/comments?post=3118"}],"version-history":[{"count":0,"href":"https:\/\/greenleafvietnam.com\/ja\/wp-json\/wp\/v2\/pages\/3118\/revisions"}],"wp:attachment":[{"href":"https:\/\/greenleafvietnam.com\/ja\/wp-json\/wp\/v2\/media?parent=3118"}],"curies":[{"name":"wp","href":"https:\/\/api.w.org\/{rel}","templated":true}]}}