{"id":3157,"date":"2022-10-18T01:54:35","date_gmt":"2022-10-18T01:54:35","guid":{"rendered":"https:\/\/greenleafvietnam.com\/dong-xe-7-cho"},"modified":"2023-02-10T09:08:10","modified_gmt":"2023-02-10T09:08:10","slug":"%ef%bc%97%e5%b8%ad","status":"publish","type":"page","link":"https:\/\/greenleafvietnam.com\/ja\/%ef%bc%97%e5%b8%ad","title":{"rendered":"\uff17\u5e2d"},"content":{"rendered":"<h2>\n\t\t7\u5e2d\uff08SUV\u30bf\u30a4\u30d7\uff09<br \/>\n\t<\/h2>\n<h2>\n\t\t7\u5e2d\uff08SUV\u30bf\u30a4\u30d7\uff09<br \/>\n\t<\/h2>\n<h2>\n\t\t<a href=\"\/ja\/toyota-innova\" title=\"Toyota Innova\" target=\"_self\" rel=\"noopener\"><br \/>\n\t\tToyota Innova<br \/>\n\t\t<\/a><br \/>\n\t<\/h2>\n<p>\t\t\t<a href=\"\/ja\/toyota-innova\" target=\"_self\" role=\"button\" rel=\"noopener\"><br \/>\n\t\t\t\t\t\t\t\u8a73\u3057\u304f\u306f\u3053\u3061\u3089<br \/>\n\t\t\t\t\t<\/a><\/p>\n<h2>\n\t\t<a href=\"\/ja\/fortuner\" title=\"Toyota Fortuner\" target=\"_self\" rel=\"noopener\"><br \/>\n\t\tToyota Fortuner<br \/>\n\t\t<\/a><br \/>\n\t<\/h2>\n<p>\t\t\t<a href=\"\/ja\/fortuner\" target=\"_self\" role=\"button\" rel=\"noopener\"><br \/>\n\t\t\t\t\t\t\t\u8a73\u3057\u304f\u306f\u3053\u3061\u3089<br \/>\n\t\t\t\t\t<\/a><\/p>\n<h2>\n\t\t<a href=\"\/ja\/everest\" title=\"Ford Everest\" target=\"_self\" rel=\"noopener\"><br \/>\n\t\tFord Everest<br \/>\n\t\t<\/a><br \/>\n\t<\/h2>\n<p>\t\t\t<a href=\"\/ja\/everest\" target=\"_self\" role=\"button\" rel=\"noopener\"><br \/>\n\t\t\t\t\t\t\t\u8a73\u3057\u304f\u306f\u3053\u3061\u3089<br \/>\n\t\t\t\t\t<\/a><\/p>\n<h2>\n\t\t<a href=\"\/ja\/sedona\" title=\"Kia Sedona\" target=\"_self\" rel=\"noopener\"><br \/>\n\t\tKia Sedona<br \/>\n\t\t<\/a><br \/>\n\t<\/h2>\n<p>\t\t\t<a href=\"\/ja\/sedona\" target=\"_self\" role=\"button\" rel=\"noopener\"><br \/>\n\t\t\t\t\t\t\t\u8a73\u3057\u304f\u306f\u3053\u3061\u3089<br \/>\n\t\t\t\t\t<\/a><\/p>\n<h2>\n\t\t<a href=\"\/ja\/carnival\" title=\"Kia Carnival\" target=\"_self\" rel=\"noopener\"><br \/>\n\t\tKia Carnival<br \/>\n\t\t<\/a><br \/>\n\t<\/h2>\n<p>\t\t\t<a href=\"\/ja\/carnival\" target=\"_self\" role=\"button\" rel=\"noopener\"><br \/>\n\t\t\t\t\t\t\t\u8a73\u3057\u304f\u306f\u3053\u3061\u3089<br \/>\n\t\t\t\t\t<\/a><\/p>\n<h2>\n\t\t<a href=\"\/ja\/outlander\" title=\"Mitsubishi Outlander\" target=\"_self\" rel=\"noopener\"><br \/>\n\t\tMitsubishi Outlander<br \/>\n\t\t<\/a><br \/>\n\t<\/h2>\n<p>\t\t\t<a href=\"\/ja\/outlander\" target=\"_self\" role=\"button\" rel=\"noopener\"><br \/>\n\t\t\t\t\t\t\t\u8a73\u3057\u304f\u306f\u3053\u3061\u3089<br \/>\n\t\t\t\t\t<\/a><\/p>\n<h2>\n\t\t<a href=\"\/ja\/xpander\" title=\"Mitsubishi Xpander\" target=\"_self\" rel=\"noopener\"><br \/>\n\t\tMitsubishi Xpander<br \/>\n\t\t<\/a><br \/>\n\t<\/h2>\n<p>\t\t\t<a href=\"\/ja\/xpander\" target=\"_self\" role=\"button\" rel=\"noopener\"><br \/>\n\t\t\t\t\t\t\t\u8a73\u3057\u304f\u306f\u3053\u3061\u3089<br \/>\n\t\t\t\t\t<\/a><\/p>\n<h2>\n\t\t<a href=\"\/ja\/isuzu-mu-x\" title=\"Isuzu Mu-X\" target=\"_self\" rel=\"noopener\"><br \/>\n\t\tIsuzu Mu-X<br \/>\n\t\t<\/a><br \/>\n\t<\/h2>\n<p>\t\t\t<a href=\"\/ja\/isuzu-mu-x\" target=\"_self\" role=\"button\" rel=\"noopener\"><br \/>\n\t\t\t\t\t\t\t\u8a73\u3057\u304f\u306f\u3053\u3061\u3089<br \/>\n\t\t\t\t\t<\/a><\/p>\n<h2>\n\t\t<a href=\"\/ja\/honda-crv\" title=\"Honda CRV\" target=\"_self\" rel=\"noopener\"><br \/>\n\t\tHonda CRV<br \/>\n\t\t<\/a><br \/>\n\t<\/h2>\n<p>\t\t\t<a href=\"\/ja\/honda-crv\" target=\"_self\" role=\"button\" rel=\"noopener\"><br \/>\n\t\t\t\t\t\t\t\u8a73\u3057\u304f\u306f\u3053\u3061\u3089<br \/>\n\t\t\t\t\t<\/a><\/p>\n<h2>\n\t\t\u305d\u306e\u4ed6\u306e\u8eca\u4e21<br \/>\n\t<\/h2>\n<h2>\n\t\t\u95a2\u9023\u30b5\u30fc\u30d3\u30b9<br \/>\n\t<\/h2>\n<p>                <a href=\"https:\/\/greenleafvietnam.com\/ja\/%e3%83%93%e3%82%b8%e3%83%8d%e3%82%b9%e5%90%91%e3%81%91%e3%83%ac%e3%83%b3%e3%82%bf%e3%82%ab%e3%83%bc\" target=\"_self\" title=\"\u30d3\u30b8\u30cd\u30b9\u5411\u3051\u30ec\u30f3\u30bf\u30ab\u30fc\" rel=\"noopener\"><br \/>\n                <img decoding=\"async\" src=\"https:\/\/greenleafvietnam.com\/wp-content\/uploads\/2022\/11\/Banner-2-e1673408983882.jpg\" alt=\"Thu\u00ea Xe Doanh Nghi\u1ec7p\" \/><br \/>\n                <\/a><\/p>\n<h3>\n                <a href=\"https:\/\/greenleafvietnam.com\/ja\/%e3%83%93%e3%82%b8%e3%83%8d%e3%82%b9%e5%90%91%e3%81%91%e3%83%ac%e3%83%b3%e3%82%bf%e3%82%ab%e3%83%bc\" title=\"\u30d3\u30b8\u30cd\u30b9\u5411\u3051\u30ec\u30f3\u30bf\u30ab\u30fc\" tabindex=\"0\">\u30d3\u30b8\u30cd\u30b9\u5411\u3051\u30ec\u30f3\u30bf\u30ab\u30fc<\/a><br \/>\n            <\/h3>\n<p>                    \u30d3\u30b8\u30cd\u30b9\u5411\u3051\u30ec\u30f3\u30bf\u30ab\u30fc\u30b5\u30fc\u30d3\u30b9 &#8230;<br \/>\n        <a href=\"https:\/\/greenleafvietnam.com\/ja\/%e3%83%93%e3%82%b8%e3%83%8d%e3%82%b9%e5%90%91%e3%81%91%e3%83%ac%e3%83%b3%e3%82%bf%e3%82%ab%e3%83%bc\" target=\"_self\" rel=\"noopener\">\u8a73\u3057\u304f\u306f\u3053\u3061\u3089 &#8594;<\/a><br \/>\n                <a href=\"https:\/\/greenleafvietnam.com\/ja\/%e3%82%b9%e3%83%9d%e3%83%83%e3%83%88%e3%83%ac%e3%83%b3%e3%82%bf%e3%82%ab%e3%83%bc\" target=\"_self\" title=\"\u30b9\u30dd\u30c3\u30c8\u30ec\u30f3\u30bf\u30ab\u30fc\" rel=\"noopener\"><br \/>\n                <img decoding=\"async\" src=\"https:\/\/greenleafvietnam.com\/wp-content\/uploads\/2022\/11\/dich-vu-doanh-nghiep-1-e1673410389519.jpg\" alt=\"Thu\u00ea Xe Du L\u1ecbch\" \/><br \/>\n                <\/a><\/p>\n<h3>\n                <a href=\"https:\/\/greenleafvietnam.com\/ja\/%e3%82%b9%e3%83%9d%e3%83%83%e3%83%88%e3%83%ac%e3%83%b3%e3%82%bf%e3%82%ab%e3%83%bc\" title=\"\u30b9\u30dd\u30c3\u30c8\u30ec\u30f3\u30bf\u30ab\u30fc\" tabindex=\"0\">\u30b9\u30dd\u30c3\u30c8\u30ec\u30f3\u30bf\u30ab\u30fc<\/a><br \/>\n            <\/h3>\n<p>                    \u30b9\u30dd\u30c3\u30c8\u30ec\u30f3\u30bf\u30ab\u30fc\uff08\u77ed\u671f\u5229\u7528\uff09 &#8230;<br \/>\n        <a href=\"https:\/\/greenleafvietnam.com\/ja\/%e3%82%b9%e3%83%9d%e3%83%83%e3%83%88%e3%83%ac%e3%83%b3%e3%82%bf%e3%82%ab%e3%83%bc\" target=\"_self\" rel=\"noopener\">\u8a73\u3057\u304f\u306f\u3053\u3061\u3089 &#8594;<\/a><br \/>\n                <a href=\"https:\/\/greenleafvietnam.com\/ja\/%e7%a9%ba%e6%b8%af%e9%80%81%e8%bf%8e%e3%80%81%e9%a1%a7%e5%ae%a2%e8%a8%aa%e5%95%8f\" target=\"_self\" title=\"\u7a7a\u6e2f\u9001\u8fce\u3001\u9867\u5ba2\u8a2a\u554f\" rel=\"noopener\"><br \/>\n                <img decoding=\"async\" src=\"https:\/\/greenleafvietnam.com\/wp-content\/uploads\/2022\/10\/13-e1673577315260.jpg\" alt=\"xe \u0111\u01b0a \u0111\u00f3n s\u00e2n bay\" \/><br \/>\n                <\/a><\/p>\n<h3>\n                <a href=\"https:\/\/greenleafvietnam.com\/ja\/%e7%a9%ba%e6%b8%af%e9%80%81%e8%bf%8e%e3%80%81%e9%a1%a7%e5%ae%a2%e8%a8%aa%e5%95%8f\" title=\"\u7a7a\u6e2f\u9001\u8fce\u3001\u9867\u5ba2\u8a2a\u554f\" tabindex=\"0\">\u7a7a\u6e2f\u9001\u8fce\u3001\u9867\u5ba2\u8a2a\u554f<\/a><br \/>\n            <\/h3>\n<p>                    \u7a7a\u6e2f\u9001\u8fce\u3001\u9867\u5ba2\u8a2a\u554f\u306a\u3069 \u7a7a\u6e2f\u9001 &#8230;<br \/>\n        <a href=\"https:\/\/greenleafvietnam.com\/ja\/%e7%a9%ba%e6%b8%af%e9%80%81%e8%bf%8e%e3%80%81%e9%a1%a7%e5%ae%a2%e8%a8%aa%e5%95%8f\" target=\"_self\" rel=\"noopener\">\u8a73\u3057\u304f\u306f\u3053\u3061\u3089 &#8594;<\/a><br \/>\n\t\t\t\t<img decoding=\"async\" loading=\"lazy\" src=\"https:\/\/greenleafvietnam.com\/wp-content\/uploads\/2022\/08\/\ud83e\udd86-illustration-_IT-Support_.png\" alt=\"\ud83e\udd86 illustration _IT Support_\" itemprop=\"image\" height=\"435\" width=\"550\"  \/><\/p>\n<h2>\n\t\t\u304a\u554f\u3044\u5408\u308f\u305b\u304f\u3060\u3055\u3044<br \/>\n\t<\/h2>\n<p>\t\t\t<a href=\"tel:18006300\" target=\"_self\" role=\"button\" rel=\"noopener\"><br \/>\n\t\t\t\t\t\t1800 6300<br \/>\n\t\t\t\t\t<\/a><\/p>\n","protected":false},"excerpt":{"rendered":"<p>7\u5e2d\uff08SUV\u30bf\u30a4\u30d7\uff09 7\u5e2d\uff08SUV\u30bf\u30a4\u30d7\uff09 Toyota Innova \u8a73\u3057\u304f\u306f\u3053\u3061\u3089 Toyota Fortuner \u8a73\u3057\u304f\u306f\u3053\u3061\u3089 Ford Everest \u8a73\u3057\u304f\u306f\u3053\u3061\u3089 Kia Sedona \u8a73\u3057\u304f\u306f\u3053\u3061\u3089 Ki&hellip;<\/p>\n","protected":false},"author":1,"featured_media":0,"parent":0,"menu_order":0,"comment_status":"closed","ping_status":"closed","template":"","meta":{"inline_featured_image":false},"_links":{"self":[{"href":"https:\/\/greenleafvietnam.com\/ja\/wp-json\/wp\/v2\/pages\/3157"}],"collection":[{"href":"https:\/\/greenleafvietnam.com\/ja\/wp-json\/wp\/v2\/pages"}],"about":[{"href":"https:\/\/greenleafvietnam.com\/ja\/wp-json\/wp\/v2\/types\/page"}],"author":[{"embeddable":true,"href":"https:\/\/greenleafvietnam.com\/ja\/wp-json\/wp\/v2\/users\/1"}],"replies":[{"embeddable":true,"href":"https:\/\/greenleafvietnam.com\/ja\/wp-json\/wp\/v2\/comments?post=3157"}],"version-history":[{"count":0,"href":"https:\/\/greenleafvietnam.com\/ja\/wp-json\/wp\/v2\/pages\/3157\/revisions"}],"wp:attachment":[{"href":"https:\/\/greenleafvietnam.com\/ja\/wp-json\/wp\/v2\/media?parent=3157"}],"curies":[{"name":"wp","href":"https:\/\/api.w.org\/{rel}","templated":true}]}}