{"id":3338,"date":"2022-10-27T16:49:31","date_gmt":"2022-10-27T16:49:31","guid":{"rendered":"https:\/\/greenleafvietnam.com\/land-rover-discovery"},"modified":"2023-02-10T08:34:26","modified_gmt":"2023-02-10T08:34:26","slug":"land-rover-discovery","status":"publish","type":"page","link":"https:\/\/greenleafvietnam.com\/ja\/land-rover-discovery","title":{"rendered":"Land Rover Discovery"},"content":{"rendered":"<h2>\u8eca\u306e\u4ed5\u69d8<\/h2>\n<h3>LAND ROVER DISCOVERY<\/h3>\n<h3>\u30d6\u30e9\u30f3\u30c9 : LAND ROVER<\/h3>\n<h3>\u751f\u7523\u5e74 : 2021<\/h3>\n<h3>\u8eca\u7a2e : DISCOVERY<\/h3>\n<h3>\u30b7\u30fc\u30c8 : 7 \u5e2d<\/h3>\n<h3>\u30d1\u30c3\u30b1\u30fc\u30b8 : 02 \u30f4\u30a1\u30a4\u30ea\u30fc<\/h3>\n<p><img decoding=\"async\" src=\"https:\/\/greenleafvietnam.com\/wp-content\/uploads\/2022\/11\/DSC_6458-scaled.jpg\" alt=\"DSC_6458\" \/><\/p>\n<h2>\u30d3\u30fc\u30af\u30eb\u30b5\u30fc\u30d3\u30b9<\/h2>\n<h2>\u30b0\u30ea\u30fc\u30f3\u30ea\u30fc\u30d5\u30d9\u30c8\u30ca\u30e0\u306e\u30ec\u30f3\u30bf\u30ab\u30fc\u306e\u54c1\u8cea\u57fa\u6e96\u306b\u3064\u3044\u3066<\/h2>\n<p style=\"text-align: center;\">\u30b0\u30ea\u30fc\u30f3\u30ea\u30fc\u30d5\u30fb\u30d9\u30c8\u30ca\u30e0\u304c\u4ed6\u3068\u9055\u3046\u5229\u70b9\u306e\u3042\u308b\u904b\u8ee2\u624b\u4ed8\u304d\u306e\u30ec\u30f3\u30bf\u30ab\u30fc\u30b5\u30fc\u30d3\u30b9\u3002<\/p>\n<p><img decoding=\"async\" loading=\"lazy\" src=\"https:\/\/greenleafvietnam.com\/wp-content\/uploads\/2022\/11\/DSC_4462-scaled-e1668677998190.jpg\" alt=\"DSC_4462\" width=\"600\" height=\"400\" \/><\/p>\n<h2>\u8eca\u5185\u306b\u304a\u3051\u308b\u5feb\u9069\u306a\u5229\u4fbf\u6027<\/h2>\n<p>&#8211; \u8eca\u4e21\u306f\u30b5\u30fc\u30d3\u30b9\u958b\u59cb\u524d\u306b\u6e05\u6383\u3057\u3001\u5b9a\u671f\u7684\u306b\u30e1\u30f3\u30c6\u30ca\u30f3\u30b9\u3092\u884c\u3063\u3066\u3044\u307e\u3059\u3002<\/p>\n<p>&#8211; \u8eca\u4e21\u306e\u72b6\u614b\u304c\u5408\u610f\u3057\u305f\u3068\u304a\u308a\u306b\u826f\u597d\u306a\u4f5c\u52d5\u72b6\u614b\u3067\u306a\u3044\u5834\u5408\u3001\u76f4\u3061\u306b\u4ee3\u66ff\u3068\u306a\u308b\u5225\u306e\u8eca\u4e21\u3092\u63d0\u4f9b\u3059\u308b\u3053\u3068\u3002<\/p>\n<p>&#8211; \u5927\u5207\u306a\u30af\u30eb\u30de\u3092\u5f69\u308b\u30b5\u30dd\u30fc\u30c8\uff08\u30a4\u30d9\u30f3\u30c8\u3001\u6c34\u3001\u51b7\u305f\u3044\u30bf\u30aa\u30eb\u3001&#8230;\uff09\u3002<\/p>\n<p>&#8211; VIP\u8eca\u306f\u3001\u30d3\u30b8\u30cd\u30b9\u30d1\u30fc\u30c8\u30ca\u30fc\u306b\u4f1a\u3046\u3068\u304d\u306b\u8eca\u3092\u501f\u308a\u308b\u3068\u304d\u3001\u5229\u4fbf\u6027\u3068\u4f01\u696d\u306e\u5a01\u4fe1\u3092\u9ad8\u3081\u308b\u305f\u3081\u306b\u3001\u30b0\u30ea\u30fc\u30f3\u30ea\u30fc\u30d5\u30d9\u30c8\u30ca\u30e0\u306e\u30ed\u30b4\u3084\u753b\u50cf\u3092\u8cbc\u308a\u4ed8\u3051\u308b\u3053\u3068\u306f\u3042\u308a\u307e\u305b\u3093&#8230;<\/p>\n<p><img decoding=\"async\" loading=\"lazy\" src=\"https:\/\/greenleafvietnam.com\/wp-content\/uploads\/2022\/11\/DSC_2923-e1668678020135.jpg\" alt=\"DSC_2923\" width=\"600\" height=\"400\" \/><\/p>\n<h2>\u30d5\u30eb\u30b5\u30fc\u30d3\u30b9<\/h2>\n<p>&#8211; \u660e\u78ba\u306a\u30d7\u30ed\u30bb\u30b9\u3001\u6975\u3081\u3066\u30b7\u30f3\u30d7\u30eb\u3067\u8fc5\u901f\u306a\u4e88\u7d04\u624b\u7d9a\u304d\u3002<\/p>\n<p>&#8211; \u3054\u5e0c\u671b\u306b\u3088\u308a\u7d0d\u8eca\u524d\u306e\u898b\u5b66\u306e\u3054\u6848\u5185\u3002<\/p>\n<p>&#8211; \u5165\u5c45\u8005\u306e\u30cb\u30fc\u30ba\u3068\u80fd\u529b\u306b\u5fdc\u3058\u305f\u67d4\u8edf\u306a\u652f\u6255\u3044\u5f62\u614b\u3002<\/p>\n<p>&#8211; \u8eca\u691c\u6642\u306b\u5fc5\u8981\u306a\u3001\u8eca\u4e21\u306b\u95a2\u3059\u308b\u3042\u3089\u3086\u308b\u6cd5\u7684\u66f8\u985e\u3092\u304a\u5ba2\u69d8\u306b\u63d0\u4f9b\u3059\u308b\u3002<\/p>\n<p>&#8211; \u65e5\u66dc\u65e5\u3001\u795d\u65e5\u3001\u30c6\u30c8\u306b\u8eca\u3092\u5229\u7528\u3059\u308b\u5834\u5408\u3001\u30ed\u30a4\u30e4\u30eb\u30ab\u30b9\u30bf\u30de\u30fc\u306b\u306f\u591a\u304f\u306e\u30a4\u30f3\u30bb\u30f3\u30c6\u30a3\u30d6\u304c\u3042\u308a\u307e\u3059\u3002<\/p>\n<p>&#8211; 24\u6642\u9593365\u65e5\u306e\u30d3\u30b8\u30cd\u30b9\u30b5\u30dd\u30fc\u30c8\u3002<\/p>\n<p>&#8211; \u9577\u671f\u30ec\u30f3\u30bf\u30eb\u306e\u304a\u5ba2\u69d8\u306b\u306f\u3001\u5e38\u306b\u8eca\u4e21\u306e\u30b9\u30c6\u30fc\u30bf\u30b9\u3092\u66f4\u65b0\u3057\u307e\u3059\u3002<\/p>\n<p><img decoding=\"async\" loading=\"lazy\" src=\"https:\/\/greenleafvietnam.com\/wp-content\/uploads\/2022\/11\/DSC_2843-e1668678036517.jpg\" alt=\"DSC_2843\" width=\"600\" height=\"400\" \/><\/p>\n<h2>\u30d7\u30ed\u30c9\u30e9\u30a4\u30d3\u30f3\u30b0\u30b9\u30bf\u30a4\u30eb<\/h2>\n<p>\u30b0\u30ea\u30fc\u30f3\u30ea\u30fc\u30d5\u30d9\u30c8\u30ca\u30e0\u306e\u30c9\u30e9\u30a4\u30d0\u30fc\u306f\u3001\u601d\u3044\u3084\u308a\u306e\u3042\u308b\u3001\u4e01\u5be7\u306a\u63a5\u5ba2\u30b9\u30bf\u30a4\u30eb\u306e\u30c8\u30ec\u30fc\u30cb\u30f3\u30b0\u3092\u53d7\u3051\u3066\u3044\u307e\u3059\u3002\u30c9\u30e9\u30a4\u30d0\u30fc\u306f\u3001\u4ee5\u4e0b\u306e\u3088\u3046\u306a\u8eca\u4e21\u306b\u5bfe\u3059\u308b\u5168\u8cac\u4efb\u3092\u8ca0\u3044\u307e\u3059\u3002<\/p>\n<p>&#8211; \u5951\u7d04\u524d\u306e\u304a\u5ba2\u3055\u307e\u306e\u3054\u6765\u5e97\u30fb\u73fe\u8eca\u78ba\u8a8d\u3092\u30b5\u30dd\u30fc\u30c8\u3002<\/p>\n<p>&#8211; \u904b\u8ee2\u624b\u306f\u82f1\u8a9e\u3068\u65e5\u672c\u8a9e\u3092\u8a71\u305b\u308b\u306e\u3067\u3001\u5916\u56fd\u4eba\u30b2\u30b9\u30c8\u306b\u4f1a\u3046\u3068\u304d\u306b\u3082\u30b3\u30df\u30e5\u30cb\u30b1\u30fc\u30b7\u30e7\u30f3\u304c\u53d6\u308c\u308b\u3002<\/p>\n<p>&#8211; \u30c9\u30e9\u30a4\u30d0\u30fc\u306f\u5341\u5206\u306a\u8a13\u7df4\u3092\u53d7\u3051\u3001\u30d7\u30ed\u30d5\u30a7\u30c3\u30b7\u30e7\u30ca\u30eb\u3067\u3001\u9577\u5e74\u306e\u7d4c\u9a13\u3092\u6301\u3063\u3066\u3044\u307e\u3059\u3002<\/p>\n<p>&#8211; \u4e88\u671f\u305b\u306c\u3053\u3068\uff08\u4e8b\u6545\u3001\u4ea4\u901a\u9055\u53cd\u306a\u3069\uff09\u304c\u8d77\u304d\u305f\u3068\u304d\u3001\u8cac\u4efb\u3092\u53d6\u308b\u3002<\/p>\n<p><strong>\u6ce8\u610f\uff1a\u5f53\u793e\u306e\u30c9\u30e9\u30a4\u30d0\u30fc\u304c\u52e4\u52d9\u6642\u9593\u4e2d\u306b\u30d3\u30fc\u30eb\u3001\u30a2\u30eb\u30b3\u30fc\u30eb\u3001\u85ac\u7269\u3092\u4f7f\u7528\u3057\u305f\u5834\u5408\u3001\u304a\u5ba2\u69d8\u304b\u3089\u306e\u30d5\u30a3\u30fc\u30c9\u30d0\u30c3\u30af\u3092\u53d7\u3051\u3001\u305d\u306e\u30c9\u30e9\u30a4\u30d0\u30fc\u306f\u5373\u5ea7\u306b\u89e3\u96c7\u3055\u308c\u307e\u3059\u3002<\/strong><\/p>\n<p><img decoding=\"async\" loading=\"lazy\" src=\"https:\/\/greenleafvietnam.com\/wp-content\/uploads\/2022\/08\/\ud83e\udd86-illustration-_IT-Support_.png\" alt=\"\ud83e\udd86 illustration _IT Support_\" width=\"550\" height=\"435\" \/><br \/>\n<img decoding=\"async\" loading=\"lazy\" src=\"https:\/\/greenleafvietnam.com\/wp-content\/uploads\/2022\/11\/button-tieng-nhat-03.png\" alt=\"button ti\u1ebfng nh\u1eadt-03\" width=\"1250\" height=\"602\" \/><\/p>\n<h2>\u305d\u306e\u4ed6\u306e\u8eca\u4e21<\/h2>\n<h2>\u95a2\u9023\u30b5\u30fc\u30d3\u30b9<\/h2>\n<p><a title=\"\u30d3\u30b8\u30cd\u30b9\u5411\u3051\u30ec\u30f3\u30bf\u30ab\u30fc\" href=\"https:\/\/greenleafvietnam.com\/ja\/%e3%83%93%e3%82%b8%e3%83%8d%e3%82%b9%e5%90%91%e3%81%91%e3%83%ac%e3%83%b3%e3%82%bf%e3%82%ab%e3%83%bc\" target=\"_self\" rel=\"noopener\"><br \/>\n<img decoding=\"async\" src=\"https:\/\/greenleafvietnam.com\/wp-content\/uploads\/2022\/11\/Banner-2-e1673408983882.jpg\" alt=\"Thu\u00ea Xe Doanh Nghi\u1ec7p\" \/><br \/>\n<\/a><\/p>\n<h3><a tabindex=\"0\" title=\"\u30d3\u30b8\u30cd\u30b9\u5411\u3051\u30ec\u30f3\u30bf\u30ab\u30fc\" href=\"https:\/\/greenleafvietnam.com\/ja\/%e3%83%93%e3%82%b8%e3%83%8d%e3%82%b9%e5%90%91%e3%81%91%e3%83%ac%e3%83%b3%e3%82%bf%e3%82%ab%e3%83%bc\">\u30d3\u30b8\u30cd\u30b9\u5411\u3051\u30ec\u30f3\u30bf\u30ab\u30fc<\/a><\/h3>\n<p>\u30d3\u30b8\u30cd\u30b9\u5411\u3051\u30ec\u30f3\u30bf\u30ab\u30fc\u30b5\u30fc\u30d3\u30b9 &#8230;<br \/>\n<a role=\"button\" href=\"https:\/\/greenleafvietnam.com\/ja\/%e3%83%93%e3%82%b8%e3%83%8d%e3%82%b9%e5%90%91%e3%81%91%e3%83%ac%e3%83%b3%e3%82%bf%e3%82%ab%e3%83%bc\" target=\"_self\" rel=\"noopener\"><br \/>\n\u8a73\u3057\u304f\u306f\u3053\u3061\u3089<br \/>\n<\/a><br \/>\n<a title=\"\u30b9\u30dd\u30c3\u30c8\u30ec\u30f3\u30bf\u30ab\u30fc\" href=\"https:\/\/greenleafvietnam.com\/ja\/%e3%82%b9%e3%83%9d%e3%83%83%e3%83%88%e3%83%ac%e3%83%b3%e3%82%bf%e3%82%ab%e3%83%bc\" target=\"_self\" rel=\"noopener\"><br \/>\n<img decoding=\"async\" src=\"https:\/\/greenleafvietnam.com\/wp-content\/uploads\/2022\/11\/dich-vu-doanh-nghiep-1-e1673410389519.jpg\" alt=\"Thu\u00ea Xe Du L\u1ecbch\" \/><br \/>\n<\/a><\/p>\n<h3><a tabindex=\"0\" title=\"\u30b9\u30dd\u30c3\u30c8\u30ec\u30f3\u30bf\u30ab\u30fc\" href=\"https:\/\/greenleafvietnam.com\/ja\/%e3%82%b9%e3%83%9d%e3%83%83%e3%83%88%e3%83%ac%e3%83%b3%e3%82%bf%e3%82%ab%e3%83%bc\">\u30b9\u30dd\u30c3\u30c8\u30ec\u30f3\u30bf\u30ab\u30fc<\/a><\/h3>\n<p>\u30b9\u30dd\u30c3\u30c8\u30ec\u30f3\u30bf\u30ab\u30fc\uff08\u77ed\u671f\u5229\u7528\uff09 &#8230;<br \/>\n<a role=\"button\" href=\"https:\/\/greenleafvietnam.com\/ja\/%e3%82%b9%e3%83%9d%e3%83%83%e3%83%88%e3%83%ac%e3%83%b3%e3%82%bf%e3%82%ab%e3%83%bc\" target=\"_self\" rel=\"noopener\"><br \/>\n\u8a73\u3057\u304f\u306f\u3053\u3061\u3089<br \/>\n<\/a><br \/>\n<a title=\"\u7a7a\u6e2f\u9001\u8fce\u3001\u9867\u5ba2\u8a2a\u554f\" href=\"https:\/\/greenleafvietnam.com\/ja\/%e7%a9%ba%e6%b8%af%e9%80%81%e8%bf%8e%e3%80%81%e9%a1%a7%e5%ae%a2%e8%a8%aa%e5%95%8f\" target=\"_self\" rel=\"noopener\"><br \/>\n<img decoding=\"async\" src=\"https:\/\/greenleafvietnam.com\/wp-content\/uploads\/2022\/10\/13-e1673577315260.jpg\" alt=\"xe \u0111\u01b0a \u0111\u00f3n s\u00e2n bay\" \/><br \/>\n<\/a><\/p>\n<h3><a tabindex=\"0\" title=\"\u7a7a\u6e2f\u9001\u8fce\u3001\u9867\u5ba2\u8a2a\u554f\" href=\"https:\/\/greenleafvietnam.com\/ja\/%e7%a9%ba%e6%b8%af%e9%80%81%e8%bf%8e%e3%80%81%e9%a1%a7%e5%ae%a2%e8%a8%aa%e5%95%8f\">\u7a7a\u6e2f\u9001\u8fce\u3001\u9867\u5ba2\u8a2a\u554f<\/a><\/h3>\n<p>\u7a7a\u6e2f\u9001\u8fce\u3001\u9867\u5ba2\u8a2a\u554f\u306a\u3069 \u7a7a\u6e2f\u9001 &#8230;<br \/>\n<a role=\"button\" href=\"https:\/\/greenleafvietnam.com\/ja\/%e7%a9%ba%e6%b8%af%e9%80%81%e8%bf%8e%e3%80%81%e9%a1%a7%e5%ae%a2%e8%a8%aa%e5%95%8f\" target=\"_self\" rel=\"noopener\"><br \/>\n\u8a73\u3057\u304f\u306f\u3053\u3061\u3089<br \/>\n<\/a><br \/>\n<img decoding=\"async\" loading=\"lazy\" src=\"https:\/\/greenleafvietnam.com\/wp-content\/uploads\/2022\/08\/\ud83e\udd86-illustration-_IT-Support_.png\" alt=\"\ud83e\udd86 illustration _IT Support_\" width=\"550\" height=\"435\" \/><\/p>\n<h2>\u79c1\u305f\u3061\u3068\u3064\u306a\u304c\u308b<\/h2>\n<p style=\"text-align: center;\">\u30b0\u30ea\u30fc\u30f3\u30ea\u30fc\u30d5\u30d9\u30c8\u30ca\u30e0\u306e\u30c1\u30fc\u30e0\u304c\u30b5\u30dd\u30fc\u30c8\u3057\u3001\u30a2\u30c9\u30d0\u30a4\u30b9\u3057\u307e\u3059\u3002<\/p>\n<p><a role=\"button\" href=\"tel:18006300\" target=\"_self\" rel=\"noopener\"><br \/>\n1800 6300<br \/>\n<\/a><\/p>\n","protected":false},"excerpt":{"rendered":"<p>\u8eca\u306e\u4ed5\u69d8 LAND ROVER DISCOVERY \u30d6\u30e9\u30f3\u30c9 : LAND ROVER \u751f\u7523\u5e74 : 2021 \u8eca\u7a2e : DISCOVERY \u30b7\u30fc\u30c8 : 7 \u5e2d \u30d1\u30c3\u30b1\u30fc\u30b8 : 02 \u30f4\u30a1\u30a4\u30ea\u30fc \u30d3\u30fc\u30af\u30eb\u30b5\u30fc\u30d3\u30b9 \u30b0\u30ea\u30fc\u30f3&hellip;<\/p>\n","protected":false},"author":1,"featured_media":5364,"parent":0,"menu_order":0,"comment_status":"closed","ping_status":"closed","template":"","meta":{"inline_featured_image":false},"_links":{"self":[{"href":"https:\/\/greenleafvietnam.com\/ja\/wp-json\/wp\/v2\/pages\/3338"}],"collection":[{"href":"https:\/\/greenleafvietnam.com\/ja\/wp-json\/wp\/v2\/pages"}],"about":[{"href":"https:\/\/greenleafvietnam.com\/ja\/wp-json\/wp\/v2\/types\/page"}],"author":[{"embeddable":true,"href":"https:\/\/greenleafvietnam.com\/ja\/wp-json\/wp\/v2\/users\/1"}],"replies":[{"embeddable":true,"href":"https:\/\/greenleafvietnam.com\/ja\/wp-json\/wp\/v2\/comments?post=3338"}],"version-history":[{"count":0,"href":"https:\/\/greenleafvietnam.com\/ja\/wp-json\/wp\/v2\/pages\/3338\/revisions"}],"wp:featuredmedia":[{"embeddable":true,"href":"https:\/\/greenleafvietnam.com\/ja\/wp-json\/wp\/v2\/media\/5364"}],"wp:attachment":[{"href":"https:\/\/greenleafvietnam.com\/ja\/wp-json\/wp\/v2\/media?parent=3338"}],"curies":[{"name":"wp","href":"https:\/\/api.w.org\/{rel}","templated":true}]}}